{"id":73575,"date":"2023-10-13T10:32:45","date_gmt":"2023-10-13T08:32:45","guid":{"rendered":"https:\/\/hungexpo.hu\/?page_id=73575"},"modified":"2023-11-29T12:01:38","modified_gmt":"2023-11-29T11:01:38","slug":"environtec-en","status":"publish","type":"page","link":"https:\/\/hungexpo.splendex.dev\/en\/environtec-en\/","title":{"rendered":"ENVIRONTEC powered by \u00d6KOINDUSTRIA"},"content":{"rendered":"\n<div class=\"wp-block-columns has-2-columns is-layout-flex wp-container-core-columns-layout-1 wp-block-columns-is-layout-flex\">\n<div class=\"wp-block-column is-layout-flow wp-block-column-is-layout-flow\">\n<figure class=\"wp-block-image\"><img loading=\"lazy\" decoding=\"async\" width=\"877\" height=\"712\" src=\"https:\/\/hungexpo.hu\/wp-content\/uploads\/Environtec_2024_fejlec_nagy_en_kicsi-1.jpg\" alt=\"\" class=\"wp-image-74184\" srcset=\"https:\/\/hungexpo.hu\/wp-content\/uploads\/Environtec_2024_fejlec_nagy_en_kicsi-1.jpg 877w, https:\/\/hungexpo.hu\/wp-content\/uploads\/Environtec_2024_fejlec_nagy_en_kicsi-1-300x244.jpg 300w, https:\/\/hungexpo.hu\/wp-content\/uploads\/Environtec_2024_fejlec_nagy_en_kicsi-1-768x624.jpg 768w\" sizes=\"(max-width: 877px) 100vw, 877px\" \/><\/figure>\n<\/div>\n\n\n\n<div class=\"wp-block-column is-layout-flow wp-block-column-is-layout-flow\">\n<div class=\"wp-block-button aligncenter\"><a class=\"wp-block-button__link has-text-color has-background\" href=\"https:\/\/environtec.hu\/en\" style=\"background-color:#78d511;color:#ffffff\"><strong>ENVIRONTEC powered by \u00d6KOINDUSTRIA HOMPAGE IS NOW AVAILABLE!<br>PLEASE CLICK HERE!<\/strong><\/a><\/div>\n<\/div>\n<\/div>\n\n\n\n<div class=\"wp-block-columns has-2-columns is-layout-flex wp-container-core-columns-layout-2 wp-block-columns-is-layout-flex\">\n<div class=\"wp-block-column is-layout-flow wp-block-column-is-layout-flow\">\n<p><\/p>\n<\/div>\n\n\n\n<div class=\"wp-block-column is-layout-flow wp-block-column-is-layout-flow\"><\/div>\n<\/div>\n\n\n\n<h1 class=\"wp-block-heading\" style=\"text-align:center\"><span style=\"color:#78d511\" class=\"color\">ENVIRONTEC powered by \u00d6KOINDUSTRIA<\/span><\/h1>\n\n\n\n<h2 class=\"wp-block-heading\" style=\"text-align:center\"><strong><span style=\"color:#78d511\" class=\"color\">1. International Trade Exhibition for Environmental Technology, Waste, Water and Sustainability<\/span><\/strong><\/h2>\n\n\n\n<h2 class=\"wp-block-heading\" style=\"text-align:center\"><span style=\"color:#78d511\" class=\"color\">Save the date!<\/span><\/h2>\n\n\n\n<h2 class=\"wp-block-heading\" style=\"text-align:center\"><strong><span style=\"color:#78d511\" class=\"color\">1-3 October 2024<\/span><\/strong><\/h2>\n\n\n\n<h2 class=\"wp-block-heading\" style=\"text-align:center\"><strong><span style=\"color:#78d511\" class=\"color\">Early bird deadline:<\/span><\/strong><\/h2>\n\n\n\n<h2 class=\"wp-block-heading\" style=\"text-align:center\"><strong><span style=\"color:#78d511\" class=\"color\">15 FEBRUARY 2024<\/span><\/strong><\/h2>\n\n\n\n<div class=\"wp-block-columns has-2-columns is-layout-flex wp-container-core-columns-layout-3 wp-block-columns-is-layout-flex\">\n<div class=\"wp-block-column is-layout-flow wp-block-column-is-layout-flow\">\n<div class=\"wp-block-button aligncenter\"><a class=\"wp-block-button__link has-background\" href=\"https:\/\/hungexpo.hu\/wp-content\/uploads\/ENVIRONTEC_2024_application_form_rebooking_february-1.pdf\" style=\"background-color:#78d511\"><strong><span style=\"color:#ffffff\" class=\"color\">APPLICATION<br> 2024<\/span><\/strong><\/a><\/div>\n<\/div>\n\n\n\n<div class=\"wp-block-column is-layout-flow wp-block-column-is-layout-flow\">\n<div class=\"wp-block-button aligncenter\"><a class=\"wp-block-button__link has-background\" href=\"https:\/\/eregistrator.hu\/6\/index.php?r=regisztracio\/regi\/showform&amp;regisid=76EVT24EK1&amp;lngid=en&amp;pid=00158376\" style=\"background-color:#78d511\"><strong><span style=\"color:#ffffff\" class=\"color\">REGISTRATION FOR<br> MORE INFORMATION<\/span><\/strong><\/a><\/div>\n<\/div>\n<\/div>\n\n\n\n<div class=\"wp-block-button aligncenter\"><a class=\"wp-block-button__link has-background\" href=\"#contact\" style=\"background-color:#78d511\"><strong><span style=\"color:#ffffff\" class=\"color\">CONTACT<\/span><\/strong><\/a><\/div>\n\n\n\n<p><strong>HUNGEXPO Zrt., as a traditional and prominent player in the domestic and Central-Eastern European exhibition market, will introduce a new, gap-filling exhibition on the Hungarian market in the fall of 2024.<\/strong><\/p>\n\n\n\n<p> <strong>Next fall, the first ENVIRONTEC powered by \u00d6KOINDUSTRIA <\/strong>international trade fair for environmental industry, infrastructure development, waste and water management <strong>will open its doors<\/strong> in cooperation with the Hungarian Association of Environmental Enterprises and with the professional support of Messe &amp; Marketing Michael Pittscheidt.<\/p>\n\n\n\n<p>The venue will be the renewed <strong>HUNGEXPO Budapest Convention and Exhibition Center<\/strong>, which is now the most modern conference and exhibition center in the Central-Eastern European region.<\/p>\n\n\n\n<p>The focus of the exhibition is one of the most important questions of the 21st century: how can we keep our environment at a livable level by transforming our society, economy, and industrial activities, with adaptation practices and serve economic actors interested and active in mitigation and resilience?<\/p>\n\n\n\n<p>The aim of the ENVIROTEC powered by \u00d6KOINDUSTRIA exhibition is for professional visitors interested in the latest sector and industry trends, EU regulations (taxonomy, ESG, ESRS, CSRD) and environmental technologies to learn about the innovations and effective solutions of the domestic and international environmental industry and, thanks to the regional business platform, new build business relationships for future collaborations.<\/p>\n\n\n\n<hr class=\"wp-block-separator\"\/>\n\n\n\n<p style=\"text-align:center\" class=\"has-huge-font-size\"><strong><span style=\"color:#78d511\" class=\"color\">TOPICS<\/span><\/strong><\/p>\n\n\n\n<div class=\"wp-block-columns has-2-columns is-layout-flex wp-container-core-columns-layout-4 wp-block-columns-is-layout-flex\">\n<div class=\"wp-block-column is-layout-flow wp-block-column-is-layout-flow\">\n<figure class=\"wp-block-image\"><img loading=\"lazy\" decoding=\"async\" width=\"1024\" height=\"683\" src=\"https:\/\/hungexpo.hu\/wp-content\/uploads\/\/shutterstock_2137635995-1-1024x683.jpg\" alt=\"\" class=\"wp-image-73768\" srcset=\"https:\/\/hungexpo.hu\/wp-content\/uploads\/shutterstock_2137635995-1-1024x683.jpg 1024w, https:\/\/hungexpo.hu\/wp-content\/uploads\/shutterstock_2137635995-1-300x200.jpg 300w, https:\/\/hungexpo.hu\/wp-content\/uploads\/shutterstock_2137635995-1-768x512.jpg 768w\" sizes=\"(max-width: 1024px) 100vw, 1024px\" \/><\/figure>\n<\/div>\n\n\n\n<div class=\"wp-block-column is-layout-flow wp-block-column-is-layout-flow\">\n<ul><li>energy efficiency, renewable energy<\/li><li>infrastructure development,      sustainable cities and towns<\/li><li>living water protection<\/li><li>ecoinnovations and startups in Central and Eastern Europe<\/li><\/ul>\n<\/div>\n<\/div>\n\n\n\n<div class=\"wp-block-columns has-2-columns is-layout-flex wp-container-core-columns-layout-5 wp-block-columns-is-layout-flex\">\n<div class=\"wp-block-column is-layout-flow wp-block-column-is-layout-flow\">\n<ul><li>circular economy, waste management<\/li><li>water management, waste water management<\/li><li>remediation and brownfield      investments<\/li><li>air quality protection<\/li><li>noise and vibration protection<\/li><\/ul>\n<\/div>\n\n\n\n<div class=\"wp-block-column is-layout-flow wp-block-column-is-layout-flow\">\n<figure class=\"wp-block-image\"><img loading=\"lazy\" decoding=\"async\" width=\"1024\" height=\"683\" src=\"https:\/\/hungexpo.hu\/wp-content\/uploads\/\/shutterstock_1883380231-1024x683.jpg\" alt=\"\" class=\"wp-image-73652\" srcset=\"https:\/\/hungexpo.hu\/wp-content\/uploads\/shutterstock_1883380231-1024x683.jpg 1024w, https:\/\/hungexpo.hu\/wp-content\/uploads\/shutterstock_1883380231-300x200.jpg 300w, https:\/\/hungexpo.hu\/wp-content\/uploads\/shutterstock_1883380231-768x512.jpg 768w\" sizes=\"(max-width: 1024px) 100vw, 1024px\" \/><\/figure>\n<\/div>\n<\/div>\n\n\n\n<hr class=\"wp-block-separator\"\/>\n\n\n\n<p style=\"text-align:center\" class=\"has-huge-font-size\"><strong><span style=\"color:#78d511\" class=\"color\">PROFESSIONAL PARTNERS<\/span><\/strong><\/p>\n\n\n\n<div class=\"wp-block-columns has-5-columns is-layout-flex wp-container-core-columns-layout-6 wp-block-columns-is-layout-flex\">\n<div class=\"wp-block-column is-layout-flow wp-block-column-is-layout-flow\">\n<div class=\"wp-block-image\"><figure class=\"aligncenter is-resized\"><img loading=\"lazy\" decoding=\"async\" src=\"https:\/\/hungexpo.hu\/wp-content\/uploads\/\/MaV\u00edz-log\u00f3-\u00e1ll\u00f3-MaV\u00edz-1024x956.jpg\" alt=\"\" class=\"wp-image-73660\" width=\"87\" height=\"82\" srcset=\"https:\/\/hungexpo.hu\/wp-content\/uploads\/MaV\u00edz-log\u00f3-\u00e1ll\u00f3-MaV\u00edz-1024x956.jpg 1024w, https:\/\/hungexpo.hu\/wp-content\/uploads\/MaV\u00edz-log\u00f3-\u00e1ll\u00f3-MaV\u00edz-300x280.jpg 300w, https:\/\/hungexpo.hu\/wp-content\/uploads\/MaV\u00edz-log\u00f3-\u00e1ll\u00f3-MaV\u00edz-768x717.jpg 768w, https:\/\/hungexpo.hu\/wp-content\/uploads\/MaV\u00edz-log\u00f3-\u00e1ll\u00f3-MaV\u00edz.jpg 1265w\" sizes=\"(max-width: 87px) 100vw, 87px\" \/><\/figure><\/div>\n<\/div>\n\n\n\n<div class=\"wp-block-column is-layout-flow wp-block-column-is-layout-flow\">\n<p><\/p>\n<\/div>\n\n\n\n<div class=\"wp-block-column is-layout-flow wp-block-column-is-layout-flow\">\n<div class=\"wp-block-image\"><figure class=\"aligncenter is-resized\"><img loading=\"lazy\" decoding=\"async\" src=\"https:\/\/hungexpo.hu\/wp-content\/uploads\/EN_logo_page-0001-1.jpg\" alt=\"\" class=\"wp-image-73739\" width=\"215\" height=\"75\" srcset=\"https:\/\/hungexpo.hu\/wp-content\/uploads\/EN_logo_page-0001-1.jpg 949w, https:\/\/hungexpo.hu\/wp-content\/uploads\/EN_logo_page-0001-1-300x104.jpg 300w, https:\/\/hungexpo.hu\/wp-content\/uploads\/EN_logo_page-0001-1-768x265.jpg 768w\" sizes=\"(max-width: 215px) 100vw, 215px\" \/><\/figure><\/div>\n<\/div>\n\n\n\n<div class=\"wp-block-column is-layout-flow wp-block-column-is-layout-flow\">\n<p><\/p>\n<\/div>\n\n\n\n<div class=\"wp-block-column is-layout-flow wp-block-column-is-layout-flow\">\n<div class=\"wp-block-image\"><figure class=\"aligncenter\"><img loading=\"lazy\" decoding=\"async\" width=\"780\" height=\"223\" src=\"https:\/\/hungexpo.hu\/wp-content\/uploads\/MM_Pittscheidt_Logo_mail1-1.jpg\" alt=\"\" class=\"wp-image-73666\" srcset=\"https:\/\/hungexpo.hu\/wp-content\/uploads\/MM_Pittscheidt_Logo_mail1-1.jpg 780w, https:\/\/hungexpo.hu\/wp-content\/uploads\/MM_Pittscheidt_Logo_mail1-1-300x86.jpg 300w, https:\/\/hungexpo.hu\/wp-content\/uploads\/MM_Pittscheidt_Logo_mail1-1-768x220.jpg 768w\" sizes=\"(max-width: 780px) 100vw, 780px\" \/><\/figure><\/div>\n<\/div>\n<\/div>\n\n\n\n<div class=\"wp-block-columns has-5-columns is-layout-flex wp-container-core-columns-layout-7 wp-block-columns-is-layout-flex\">\n<div class=\"wp-block-column is-layout-flow wp-block-column-is-layout-flow\">\n<p>Hungarian Water Utility Association<\/p>\n<\/div>\n\n\n\n<div class=\"wp-block-column is-layout-flow wp-block-column-is-layout-flow\">\n<p><\/p>\n<\/div>\n\n\n\n<div class=\"wp-block-column is-layout-flow wp-block-column-is-layout-flow\">\n<p>Hungarian Association of Environmental Enterprises<\/p>\n<\/div>\n\n\n\n<div class=\"wp-block-column is-layout-flow wp-block-column-is-layout-flow\">\n<p><\/p>\n<\/div>\n\n\n\n<div class=\"wp-block-column is-layout-flow wp-block-column-is-layout-flow\">\n<p>Messe&amp;Marketing Michael Pittscheidt<\/p>\n<\/div>\n<\/div>\n\n\n\n<hr class=\"wp-block-separator\"\/>\n\n\n\n<p style=\"text-align:center\" class=\"has-huge-font-size\" id=\"contact\"><strong><span style=\"color:#78d511\" class=\"color\">CONTACTS<\/span><\/strong><\/p>\n\n\n\n<p><strong>HUNGEXPO Zrt.<\/strong><\/p>\n\n\n\n<p><strong>EXHIBITION DIRECTOR<\/strong> <br><strong>MS. ENIK\u0150 M\u00c1RKI<\/strong><br>Mobile: +36-30-948-5129<br>E-mail: <a href=\"mailto:marki.eniko@hungexpo.hu\">marki.eniko@hungexpo.hu<\/a><\/p>\n\n\n\n<div class=\"wp-block-columns has-2-columns is-layout-flex wp-container-core-columns-layout-8 wp-block-columns-is-layout-flex\">\n<div class=\"wp-block-column is-layout-flow wp-block-column-is-layout-flow\">\n<p><strong>SALES<\/strong><br><strong>MS. FRUZSINA NAGY<\/strong><br>Mobile: +36-30-557-8792<br>E-mail: <a href=\"mailto:nagy.fruzsina@hungexpo.hu\">nagy.fruzsina@hungexpo.hu<\/a><\/p>\n<\/div>\n\n\n\n<div class=\"wp-block-column is-layout-flow wp-block-column-is-layout-flow\">\n<p><br><strong>MS. J\u00c1ZMIN SZAB\u00d3<\/strong><br>Mobile: +36-30-823-7862<br>E-mail: <a href=\"mailto:szabo.jazmin2@hungexpo.hu\">szabo.jazmin2@hungexpo.hu<\/a><\/p>\n<\/div>\n<\/div>\n\n\n\n<p><strong>MARKETING<\/strong><br><strong>MS. ESZTER ABONYI<\/strong><br>Mobile: +36-30-495-6497 <br>E-mail: <a href=\"mailto:abonyi.eszter@hungexpo.hu\">abonyi.eszter@hungexpo.hu<\/a><\/p>\n","protected":false},"excerpt":{"rendered":"<p>ENVIRONTEC powered by \u00d6KOINDUSTRIA 1. International Trade Exhibition for Environmental Technology, Waste, Water and Sustainability Save the date! 1-3 October 2024 Early bird deadline: 15 FEBRUARY 2024 HUNGEXPO Zrt., as a traditional and prominent player in the domestic and Central-Eastern European exhibition market, will introduce a new, gap-filling exhibition on the Hungarian market in the [&hellip;]<\/p>\n","protected":false},"author":4,"featured_media":0,"parent":0,"menu_order":0,"comment_status":"closed","ping_status":"closed","template":"","meta":{"_acf_changed":false,"footnotes":""},"acf":[],"yoast_head":"<!-- This site is optimized with the Yoast SEO plugin v23.5 - https:\/\/yoast.com\/wordpress\/plugins\/seo\/ -->\n<title>ENVIRONTEC powered by \u00d6KOINDUSTRIA - HUNGEXPO<\/title>\n<meta name=\"robots\" content=\"index, follow, max-snippet:-1, max-image-preview:large, max-video-preview:-1\" \/>\n<link rel=\"canonical\" href=\"https:\/\/hungexpo.splendex.dev\/environtec\/\" \/>\n<meta property=\"og:locale\" content=\"en_US\" \/>\n<meta property=\"og:type\" content=\"article\" \/>\n<meta property=\"og:title\" content=\"ENVIRONTEC powered by \u00d6KOINDUSTRIA - HUNGEXPO\" \/>\n<meta property=\"og:description\" content=\"ENVIRONTEC powered by \u00d6KOINDUSTRIA 1. International Trade Exhibition for Environmental Technology, Waste, Water and Sustainability Save the date! 1-3 October 2024 Early bird deadline: 15 FEBRUARY 2024 HUNGEXPO Zrt., as a traditional and prominent player in the domestic and Central-Eastern European exhibition market, will introduce a new, gap-filling exhibition on the Hungarian market in the [&hellip;]\" \/>\n<meta property=\"og:url\" content=\"https:\/\/hungexpo.splendex.dev\/environtec\/\" \/>\n<meta property=\"og:site_name\" content=\"HUNGEXPO\" \/>\n<meta property=\"article:modified_time\" content=\"2023-11-29T11:01:38+00:00\" \/>\n<meta property=\"og:image\" content=\"https:\/\/hungexpo.hu\/wp-content\/uploads\/Environtec_2024_fejlec_nagy_en_kicsi-1.jpg\" \/>\n<meta name=\"twitter:card\" content=\"summary_large_image\" \/>\n<meta name=\"twitter:label1\" content=\"Est. reading time\" \/>\n\t<meta name=\"twitter:data1\" content=\"2 minutes\" \/>\n<script type=\"application\/ld+json\" class=\"yoast-schema-graph\">{\"@context\":\"https:\/\/schema.org\",\"@graph\":[{\"@type\":\"WebPage\",\"@id\":\"https:\/\/hungexpo.splendex.dev\/environtec\/\",\"url\":\"https:\/\/hungexpo.splendex.dev\/environtec\/\",\"name\":\"ENVIRONTEC powered by \u00d6KOINDUSTRIA - HUNGEXPO\",\"isPartOf\":{\"@id\":\"https:\/\/hungexpo.splendex.dev\/#website\"},\"primaryImageOfPage\":{\"@id\":\"https:\/\/hungexpo.splendex.dev\/environtec\/#primaryimage\"},\"image\":{\"@id\":\"https:\/\/hungexpo.splendex.dev\/environtec\/#primaryimage\"},\"thumbnailUrl\":\"https:\/\/hungexpo.hu\/wp-content\/uploads\/Environtec_2024_fejlec_nagy_en_kicsi-1.jpg\",\"datePublished\":\"2023-10-13T08:32:45+00:00\",\"dateModified\":\"2023-11-29T11:01:38+00:00\",\"breadcrumb\":{\"@id\":\"https:\/\/hungexpo.splendex.dev\/environtec\/#breadcrumb\"},\"inLanguage\":\"en-US\",\"potentialAction\":[{\"@type\":\"ReadAction\",\"target\":[\"https:\/\/hungexpo.splendex.dev\/environtec\/\"]}]},{\"@type\":\"ImageObject\",\"inLanguage\":\"en-US\",\"@id\":\"https:\/\/hungexpo.splendex.dev\/environtec\/#primaryimage\",\"url\":\"https:\/\/hungexpo.hu\/wp-content\/uploads\/Environtec_2024_fejlec_nagy_en_kicsi-1.jpg\",\"contentUrl\":\"https:\/\/hungexpo.hu\/wp-content\/uploads\/Environtec_2024_fejlec_nagy_en_kicsi-1.jpg\"},{\"@type\":\"BreadcrumbList\",\"@id\":\"https:\/\/hungexpo.splendex.dev\/environtec\/#breadcrumb\",\"itemListElement\":[{\"@type\":\"ListItem\",\"position\":1,\"name\":\"Home\",\"item\":\"https:\/\/hungexpo.splendex.dev\/en\/\"},{\"@type\":\"ListItem\",\"position\":2,\"name\":\"ENVIRONTEC powered by \u00d6KOINDUSTRIA\"}]},{\"@type\":\"WebSite\",\"@id\":\"https:\/\/hungexpo.splendex.dev\/#website\",\"url\":\"https:\/\/hungexpo.splendex.dev\/\",\"name\":\"HUNGEXPO\",\"description\":\"...egy \u00fajabb WordPress honlap...\",\"potentialAction\":[{\"@type\":\"SearchAction\",\"target\":{\"@type\":\"EntryPoint\",\"urlTemplate\":\"https:\/\/hungexpo.splendex.dev\/?s={search_term_string}\"},\"query-input\":{\"@type\":\"PropertyValueSpecification\",\"valueRequired\":true,\"valueName\":\"search_term_string\"}}],\"inLanguage\":\"en-US\"}]}<\/script>\n<!-- \/ Yoast SEO plugin. -->","yoast_head_json":{"title":"ENVIRONTEC powered by \u00d6KOINDUSTRIA - HUNGEXPO","robots":{"index":"index","follow":"follow","max-snippet":"max-snippet:-1","max-image-preview":"max-image-preview:large","max-video-preview":"max-video-preview:-1"},"canonical":"https:\/\/hungexpo.splendex.dev\/environtec\/","og_locale":"en_US","og_type":"article","og_title":"ENVIRONTEC powered by \u00d6KOINDUSTRIA - HUNGEXPO","og_description":"ENVIRONTEC powered by \u00d6KOINDUSTRIA 1. International Trade Exhibition for Environmental Technology, Waste, Water and Sustainability Save the date! 1-3 October 2024 Early bird deadline: 15 FEBRUARY 2024 HUNGEXPO Zrt., as a traditional and prominent player in the domestic and Central-Eastern European exhibition market, will introduce a new, gap-filling exhibition on the Hungarian market in the [&hellip;]","og_url":"https:\/\/hungexpo.splendex.dev\/environtec\/","og_site_name":"HUNGEXPO","article_modified_time":"2023-11-29T11:01:38+00:00","og_image":[{"url":"https:\/\/hungexpo.hu\/wp-content\/uploads\/Environtec_2024_fejlec_nagy_en_kicsi-1.jpg"}],"twitter_card":"summary_large_image","twitter_misc":{"Est. reading time":"2 minutes"},"schema":{"@context":"https:\/\/schema.org","@graph":[{"@type":"WebPage","@id":"https:\/\/hungexpo.splendex.dev\/environtec\/","url":"https:\/\/hungexpo.splendex.dev\/environtec\/","name":"ENVIRONTEC powered by \u00d6KOINDUSTRIA - HUNGEXPO","isPartOf":{"@id":"https:\/\/hungexpo.splendex.dev\/#website"},"primaryImageOfPage":{"@id":"https:\/\/hungexpo.splendex.dev\/environtec\/#primaryimage"},"image":{"@id":"https:\/\/hungexpo.splendex.dev\/environtec\/#primaryimage"},"thumbnailUrl":"https:\/\/hungexpo.hu\/wp-content\/uploads\/Environtec_2024_fejlec_nagy_en_kicsi-1.jpg","datePublished":"2023-10-13T08:32:45+00:00","dateModified":"2023-11-29T11:01:38+00:00","breadcrumb":{"@id":"https:\/\/hungexpo.splendex.dev\/environtec\/#breadcrumb"},"inLanguage":"en-US","potentialAction":[{"@type":"ReadAction","target":["https:\/\/hungexpo.splendex.dev\/environtec\/"]}]},{"@type":"ImageObject","inLanguage":"en-US","@id":"https:\/\/hungexpo.splendex.dev\/environtec\/#primaryimage","url":"https:\/\/hungexpo.hu\/wp-content\/uploads\/Environtec_2024_fejlec_nagy_en_kicsi-1.jpg","contentUrl":"https:\/\/hungexpo.hu\/wp-content\/uploads\/Environtec_2024_fejlec_nagy_en_kicsi-1.jpg"},{"@type":"BreadcrumbList","@id":"https:\/\/hungexpo.splendex.dev\/environtec\/#breadcrumb","itemListElement":[{"@type":"ListItem","position":1,"name":"Home","item":"https:\/\/hungexpo.splendex.dev\/en\/"},{"@type":"ListItem","position":2,"name":"ENVIRONTEC powered by \u00d6KOINDUSTRIA"}]},{"@type":"WebSite","@id":"https:\/\/hungexpo.splendex.dev\/#website","url":"https:\/\/hungexpo.splendex.dev\/","name":"HUNGEXPO","description":"...egy \u00fajabb WordPress honlap...","potentialAction":[{"@type":"SearchAction","target":{"@type":"EntryPoint","urlTemplate":"https:\/\/hungexpo.splendex.dev\/?s={search_term_string}"},"query-input":{"@type":"PropertyValueSpecification","valueRequired":true,"valueName":"search_term_string"}}],"inLanguage":"en-US"}]}},"_links":{"self":[{"href":"https:\/\/hungexpo.splendex.dev\/en\/wp-json\/wp\/v2\/pages\/73575"}],"collection":[{"href":"https:\/\/hungexpo.splendex.dev\/en\/wp-json\/wp\/v2\/pages"}],"about":[{"href":"https:\/\/hungexpo.splendex.dev\/en\/wp-json\/wp\/v2\/types\/page"}],"author":[{"embeddable":true,"href":"https:\/\/hungexpo.splendex.dev\/en\/wp-json\/wp\/v2\/users\/4"}],"replies":[{"embeddable":true,"href":"https:\/\/hungexpo.splendex.dev\/en\/wp-json\/wp\/v2\/comments?post=73575"}],"version-history":[{"count":33,"href":"https:\/\/hungexpo.splendex.dev\/en\/wp-json\/wp\/v2\/pages\/73575\/revisions"}],"predecessor-version":[{"id":74802,"href":"https:\/\/hungexpo.splendex.dev\/en\/wp-json\/wp\/v2\/pages\/73575\/revisions\/74802"}],"wp:attachment":[{"href":"https:\/\/hungexpo.splendex.dev\/en\/wp-json\/wp\/v2\/media?parent=73575"}],"curies":[{"name":"wp","href":"https:\/\/api.w.org\/{rel}","templated":true}]}}