{"id":71830,"date":"2023-05-02T15:43:26","date_gmt":"2023-05-02T13:43:26","guid":{"rendered":"https:\/\/hungexpo.hu\/?page_id=71830"},"modified":"2024-06-18T09:59:09","modified_gmt":"2024-06-18T07:59:09","slug":"data-processing-notice","status":"publish","type":"page","link":"https:\/\/hungexpo.splendex.dev\/en\/data-processing-notice\/","title":{"rendered":"Data processing notice"},"content":{"rendered":"\n<p>The purpose of this Data Processing Notice is to provide prior information\non the scope and purpose of personal data processing and other important information\nin connection with data processing related to the visitors who intend to\nparticipate in or attend any exhibitions or events organized by Hungexpo and\nheld at Hungexpo Budapest Congress and Exhibition Center operated by HUNGEXPO Ltd.\n(hereinafter Hungexpo).<\/p>\n\n\n\n<p><strong>This Data\nProcessing Notice shall at all times be available at the website of HUNGEXPO Ltd.\n(www.hungexpo.hu).<\/strong><strong><\/strong><\/p>\n\n\n\n<p><strong>Data of the controller<\/strong><strong><\/strong><\/p>\n\n\n\n<p>Controller of the\npersonal data shall be the person who determines the purpose and means of data processing:<\/p>\n\n\n\n<p>HUNGEXPO Ltd.<br>Registered seat: H-1101 Budapest, Albertirsai \u00fat 10.<br>Mailing address: H-1101 Budapest, Albertirsai \u00fat 10.<br>Telephone: +36-1-263-6000<br>E-mail: <a href=\"mailto:dpo.data@hungexpo.hu\" target=\"_blank\" rel=\"noreferrer noopener\">dpo.data@hungexpo.hu<\/a><br>Website: <a href=\"https:\/\/hungexpo.splendex.dev\">www.hungexpo.hu<\/a><\/p>\n\n\n\n<p><strong>Legal basis for data processing:<\/strong><strong><\/strong><\/p>\n\n\n\n<p>Legal basis of data processing is the consent of\nthe data subject. The data subject shall have the right to withdraw his or her\nconsent at any time. The withdrawal of consent shall not affect the lawfulness\nof processing based on consent before its withdrawal.<\/p>\n\n\n\n<p><strong>Purposes of data processing, scope of the data processed and potential transfer<\/strong> can be downloaded from here:<br><strong><a href=\"https:\/\/cdn.hungexpo.hu\/hungexpo\/documents\/Hungexpo_privacy_policy.pdf\" target=\"_blank\" rel=\"noreferrer noopener\" aria-label=\" (opens in a new tab)\">Data processing notice of HUNGEXPO<\/a><\/strong><\/p>\n\n\n\n<p><strong>Period of data processing<\/strong><strong><\/strong><\/p>\n\n\n\n<p>Hungexpo shall continue to process data to the\nextent and for the time required for the performance of the purposes of data\nprocessing described above, in case of mandatory processing for the time\nrequired by law and until the deletion of the personal data.<\/p>\n\n\n\n<p><strong>Data processor<\/strong><\/p>\n\n\n\n<p>For the management and\nmaintenance of Hungexpo\u2019s website, as well as data processing for administrative\npurposes, Hungexpo employs a data processor that \u2013 for the term of its contract\n\u2013 manages the personal data available, and processes the personal data in\nconnection with their operations. The data processor shall be:<\/p>\n\n\n\n<p>EXPO Informatikai Kft. <br>Address: 1101 Budapest, Albertirsai \u00fat 10., 2. \u00e9p\u00fclet<br>Electronic contact details: svab.tamas@hungexpo.hu <br><\/p>\n\n\n\n<p>Personal data shall be stored by the data processor electronically at the registered seat of Hungexpo. The data processor shall receive from Hungexpo all personal data made available by the data subject. <\/p>\n\n\n\n<p><strong>Persons authorized to access\ndata<\/strong><strong><\/strong><\/p>\n\n\n\n<p>The employees of Hungexpo\nshall be authorized to access personal data in accordance with a separate\npolicy regarding authorizations.<br><\/p>\n\n\n\n<p><strong>Right of access by\nthe data subject<\/strong><strong><\/strong><\/p>\n\n\n\n<p>The data subject shall have the right to obtain from the controller\nconfirmation as to whether or not personal data concerning him or her are being\nprocessed, and, where that is the case, access to the personal data and the\nfollowing information: <\/p>\n\n\n\n<p>&#8211; the purposes of the processing;<\/p>\n\n\n\n<p>&#8211; the categories of personal data concerned;<\/p>\n\n\n\n<p>&#8211; the recipients or categories of recipient to whom the personal data\nhave been or will be disclosed, in particular recipients in third countries or\ninternational organizations;<\/p>\n\n\n\n<p>&#8211; where possible, the envisaged period for which the personal data will\nbe stored, or, if not possible, the criteria used to determine that period;<\/p>\n\n\n\n<p>&#8211; the existence of the right to request from the controller rectification\nor erasure of personal data or restriction of processing of personal data\nconcerning the data subject or to object to such processing;<\/p>\n\n\n\n<p>&#8211; the right to lodge a complaint with a supervisory authority;<\/p>\n\n\n\n<p>&#8211; where the personal data are not collected from the data subject, any\navailable information as to their source;<\/p>\n\n\n\n<p>&#8211; the existence of automated decision-making, including profiling, and at\nleast in those cases, meaningful information about the logic involved, as well\nas the significance and the envisaged consequences of such processing for the\ndata subject.<\/p>\n\n\n\n<p>Hungexpo shall provide to the data subject a copy of the personal data\nundergoing processing. For any further copies requested by the data subject,\nthe controller may charge a reasonable fee based on administrative costs. Where\nthe data subject makes the request by electronic means, and unless otherwise\nrequested by the data subject, the information shall be provided in a commonly\nused electronic form. The right to obtain a copy shall not adversely affect the\nrights and freedoms of others.<\/p>\n\n\n\n<p><strong>Right to\nrectification<\/strong><strong><\/strong><\/p>\n\n\n\n<p>The data subject shall have the right to obtain from the controller\nwithout undue delay the rectification of inaccurate personal data concerning\nhim or her. Taking into account the purposes of the processing, the data\nsubject shall have the right to have incomplete personal data completed,\nincluding by means of providing a supplementary statement. <\/p>\n\n\n\n<p>The controller shall communicate any rectification carried out to each\nrecipient to whom the personal data have been disclosed, unless this proves\nimpossible or involves disproportionate effort. The controller shall inform the\ndata subject about those recipients if the data subject requests it. <\/p>\n\n\n\n<p><strong>Right to erasure\n(\u2018right to be forgotten\u2019)<\/strong><strong><\/strong><\/p>\n\n\n\n<p>The data subject shall have the right to obtain from the controller the\nerasure of personal data concerning him or her without undue delay and the\ncontroller shall have the obligation to erase personal data without undue delay\nwhere one of the following grounds applies: <\/p>\n\n\n\n<p>&#8211; the personal data are no longer necessary in relation to the purposes\nfor which they were collected or otherwise processed;<\/p>\n\n\n\n<p>&#8211; the data subject revokes its underlying consent to data processing, and\nthere are no other legitimate grounds for the processing;<\/p>\n\n\n\n<p>&#8211; the data subject objects to processing for direct marketing purposes;<\/p>\n\n\n\n<p>&#8211; the personal data have been unlawfully processed;<\/p>\n\n\n\n<p>&#8211; the personal data have to be erased for compliance with a legal\nobligation in Union or Member State law to which the controller is subject.<\/p>\n\n\n\n<p>The controller shall communicate any erasure of personal data carried out\nto each recipient to whom the personal data have been disclosed, unless this\nproves impossible or involves disproportionate effort. The controller shall\ninform the data subject about those recipients if the data subject requests it.<\/p>\n\n\n\n<p>Request for erasure can be submitted to Hungexpo\u2019s mailing address by registered letter or registered letter with acknowledgement of receipt, or via e-mail sent to <a href=\"mailto:dpo.data@hungexpo.hu\" target=\"_blank\" rel=\"noreferrer noopener\">dpo.data@hungexpo.hu<\/a>. When erasure is requested via e-mail, indication of the name and the previously registered e-mail address is mandatory.<\/p>\n\n\n\n<p>The data entered when subscribing to our newsletter is kept confidential.\nOption to unsubscribe from newsletters is provided at the bottom of every\nsingle newsletter sent out or can be requested at any contact indicated.\nErasure or modification of your data can be requested in writing at <a href=\"mailto:leiratkozas@hungexpo.hu\">leiratkozas@hungexpo.hu<\/a> via e-mail or by sending a mail to H-1101 Budapest, Albertirsai \u00fat 10.\nvia post.<\/p>\n\n\n\n<p><strong>Right to\nrestriction of processing<\/strong><strong><\/strong><\/p>\n\n\n\n<p>The data subject shall have the right to obtain from the controller\nrestriction of processing where one of the following applies:<\/p>\n\n\n\n<p>&#8211;\nthe accuracy of the personal data is contested by the data subject, restriction\napplies for a period enabling the controller to verify the accuracy of the personal\ndata;<\/p>\n\n\n\n<p>&#8211;\nthe processing is unlawful and the data subject opposes the erasure of the\npersonal data and requests the restriction of their use instead;<\/p>\n\n\n\n<p>&#8211;\nthe controller no longer needs the personal data for the purposes of the\nprocessing, but they are required by the data subject for the establishment,\nexercise or defense of legal claims; or<\/p>\n\n\n\n<p>&#8211;\nthe data subject has objected to processing; the period of restriction shall be\napplicable until verification whether the legitimate grounds of the controller\noverride those of the data subject.<\/p>\n\n\n\n<p>Where processing has been restricted according to the above, such\npersonal data shall, with the exception of storage, only be processed with the\ndata subject&#8217;s consent or for the establishment, exercise or defence of legal\nclaims or for the protection of the rights of another natural or legal person\nor for reasons of important public interest of the Union or of a Member State.<\/p>\n\n\n\n<p>The controller shall give prior information to the data subject having\nrequested the restriction of data processing on the removal of data processing\nrestrictions. The controller shall communicate any restriction carried out to\neach recipient to whom the personal data have been disclosed, unless this\nproves impossible or involves disproportionate effort. The controller shall\ninform the data subject about those recipients if the data subject requests it.<\/p>\n\n\n\n<p><strong>Right to data\nportability<\/strong><strong><\/strong><\/p>\n\n\n\n<p>The data subject shall have the right to receive the personal data\nconcerning him or her, which he or she has provided to a controller, in a\nstructured, commonly used form, in addition, the data subject is entitled to\ntransfer those data to another controller without hindrance from the controller\nto which the personal data have been provided, where:<\/p>\n\n\n\n<p>&#8211; the processing is based on consent or on a contract; and<\/p>\n\n\n\n<p>&#8211; the processing is carried out by automated means.<\/p>\n\n\n\n<p>When exercising the right to data portability, the data subject is\nentitled to request \u2013 if technically applicable \u2013 the direct transfer of\npersonal data between controllers.<br><\/p>\n\n\n\n<p><strong>Right to object<\/strong><strong><\/strong><\/p>\n\n\n\n<p>Where personal data are processed for direct marketing purposes, the data\nsubject shall have the right to object at any time to processing of personal\ndata concerning him or her for such marketing, including profiling to the\nextent that it is related to such direct marketing. Where the data subject\nobjects to processing for direct marketing purposes, the personal data shall no\nlonger be processed for such purposes.<\/p>\n\n\n\n<p><strong>Right to lodge a\ncomplaint with a supervisory authority<\/strong><strong><\/strong><\/p>\n\n\n\n<p>Every data subject shall have\nthe right to lodge a complaint with a supervisory authority, if the data\nsubject considers that the processing of personal data relating to him or her\ninfringes the European Union\u2019s General Data Protection Regulation.<\/p>\n\n\n\n<p>Contact\ninformation of the Supervisory Authority can be found below:<\/p>\n\n\n\n<p>Hungarian National Authority for Data Protection and Freedom of Information<br>H-1125 Budapest, Szil\u00e1gyi Erzs\u00e9bet fasor 22\/c<br>mailing address: H-1530 Budapest, PO Box 5.<br>telephone number: +36 (1) 391-1400, fax: +36 (1) 391-1410<br>e-mail address: <a href=\"mailto:ugyfelszolgalat@naih.hu\">ugyfelszolgalat@naih.hu<\/a>,<br>website: <a href=\"http:\/\/naih.hu\">http:\/\/naih.hu<\/a> <\/p>\n\n\n\n<p><strong>8.) Guidelines for data processing<\/strong><strong><\/strong><\/p>\n\n\n\n<p>Hungexpo will not verify personal data obtained\nby it. Responsibility for the appropriateness of the data entered shall lie exclusively\nwith the person entering such data. By entering the e-mail address of the data\nsubject, the person entering said e-mail address assumes responsibility for\nbeing the only person using Hungexpo\u2019s services with such e-mail address. With\nrespect to this, all responsibility related to the log-ins with such an e-mail\naddress shall be the sole responsibility of the data subject who has registered\nthis e-mail address. <\/p>\n\n\n\n<p>Personal data are processed by Hungexpo in a\nmanner that ensures confidentiality, and therefore Hungexpo assumes at all\ntimes responsibility for the full compliance with effective legislature on data\nprotection. Hungexpo complies with the legislature on data protection in all\nrespects. <\/p>\n\n\n\n<p>Hungexpo reserves the right to modify the\ninformation included in this notice, without prior notification, according to\nthe changes in relevant statutory provisions or practice of law. The data\nsubject shall be responsible for the authenticity of the personal data.\nHungexpo shall not be held responsible for any damage arising from the\nfalseness of such data. <\/p>\n\n\n\n<p>Hungexpo shall be\nentitled to modify this Data Processing Notice unilaterally. Shall the Data\nProcessing Notice be modified, Hungexpo notify data subjects by publishing it\non its website www.hungexpo.hu. You accept the modified Data Processing Notice\nby using the service after the modifications enter into force and effect.<\/p>\n","protected":false},"excerpt":{"rendered":"","protected":false},"author":4,"featured_media":0,"parent":0,"menu_order":0,"comment_status":"closed","ping_status":"closed","template":"","meta":{"_acf_changed":false,"footnotes":""},"acf":[],"yoast_head":"<!-- This site is optimized with the Yoast SEO plugin v23.5 - https:\/\/yoast.com\/wordpress\/plugins\/seo\/ -->\n<title>Data processing notice - HUNGEXPO<\/title>\n<meta name=\"robots\" content=\"index, follow, max-snippet:-1, max-image-preview:large, max-video-preview:-1\" \/>\n<link rel=\"canonical\" href=\"https:\/\/hungexpo.splendex.dev\/adatkezelesi-tajekoztato\/\" \/>\n<meta property=\"og:locale\" content=\"en_US\" \/>\n<meta property=\"og:type\" content=\"article\" \/>\n<meta property=\"og:title\" content=\"Data processing notice - HUNGEXPO\" \/>\n<meta property=\"og:url\" content=\"https:\/\/hungexpo.splendex.dev\/adatkezelesi-tajekoztato\/\" \/>\n<meta property=\"og:site_name\" content=\"HUNGEXPO\" \/>\n<meta property=\"article:modified_time\" content=\"2024-06-18T07:59:09+00:00\" \/>\n<meta name=\"twitter:card\" content=\"summary_large_image\" \/>\n<script type=\"application\/ld+json\" class=\"yoast-schema-graph\">{\"@context\":\"https:\/\/schema.org\",\"@graph\":[{\"@type\":\"WebPage\",\"@id\":\"https:\/\/hungexpo.splendex.dev\/adatkezelesi-tajekoztato\/\",\"url\":\"https:\/\/hungexpo.splendex.dev\/adatkezelesi-tajekoztato\/\",\"name\":\"Data processing notice - HUNGEXPO\",\"isPartOf\":{\"@id\":\"https:\/\/hungexpo.splendex.dev\/#website\"},\"datePublished\":\"2023-05-02T13:43:26+00:00\",\"dateModified\":\"2024-06-18T07:59:09+00:00\",\"breadcrumb\":{\"@id\":\"https:\/\/hungexpo.splendex.dev\/adatkezelesi-tajekoztato\/#breadcrumb\"},\"inLanguage\":\"en-US\",\"potentialAction\":[{\"@type\":\"ReadAction\",\"target\":[\"https:\/\/hungexpo.splendex.dev\/adatkezelesi-tajekoztato\/\"]}]},{\"@type\":\"BreadcrumbList\",\"@id\":\"https:\/\/hungexpo.splendex.dev\/adatkezelesi-tajekoztato\/#breadcrumb\",\"itemListElement\":[{\"@type\":\"ListItem\",\"position\":1,\"name\":\"Home\",\"item\":\"https:\/\/hungexpo.splendex.dev\/en\/\"},{\"@type\":\"ListItem\",\"position\":2,\"name\":\"Data processing notice\"}]},{\"@type\":\"WebSite\",\"@id\":\"https:\/\/hungexpo.splendex.dev\/#website\",\"url\":\"https:\/\/hungexpo.splendex.dev\/\",\"name\":\"HUNGEXPO\",\"description\":\"...egy \u00fajabb WordPress honlap...\",\"potentialAction\":[{\"@type\":\"SearchAction\",\"target\":{\"@type\":\"EntryPoint\",\"urlTemplate\":\"https:\/\/hungexpo.splendex.dev\/?s={search_term_string}\"},\"query-input\":{\"@type\":\"PropertyValueSpecification\",\"valueRequired\":true,\"valueName\":\"search_term_string\"}}],\"inLanguage\":\"en-US\"}]}<\/script>\n<!-- \/ Yoast SEO plugin. -->","yoast_head_json":{"title":"Data processing notice - HUNGEXPO","robots":{"index":"index","follow":"follow","max-snippet":"max-snippet:-1","max-image-preview":"max-image-preview:large","max-video-preview":"max-video-preview:-1"},"canonical":"https:\/\/hungexpo.splendex.dev\/adatkezelesi-tajekoztato\/","og_locale":"en_US","og_type":"article","og_title":"Data processing notice - HUNGEXPO","og_url":"https:\/\/hungexpo.splendex.dev\/adatkezelesi-tajekoztato\/","og_site_name":"HUNGEXPO","article_modified_time":"2024-06-18T07:59:09+00:00","twitter_card":"summary_large_image","schema":{"@context":"https:\/\/schema.org","@graph":[{"@type":"WebPage","@id":"https:\/\/hungexpo.splendex.dev\/adatkezelesi-tajekoztato\/","url":"https:\/\/hungexpo.splendex.dev\/adatkezelesi-tajekoztato\/","name":"Data processing notice - HUNGEXPO","isPartOf":{"@id":"https:\/\/hungexpo.splendex.dev\/#website"},"datePublished":"2023-05-02T13:43:26+00:00","dateModified":"2024-06-18T07:59:09+00:00","breadcrumb":{"@id":"https:\/\/hungexpo.splendex.dev\/adatkezelesi-tajekoztato\/#breadcrumb"},"inLanguage":"en-US","potentialAction":[{"@type":"ReadAction","target":["https:\/\/hungexpo.splendex.dev\/adatkezelesi-tajekoztato\/"]}]},{"@type":"BreadcrumbList","@id":"https:\/\/hungexpo.splendex.dev\/adatkezelesi-tajekoztato\/#breadcrumb","itemListElement":[{"@type":"ListItem","position":1,"name":"Home","item":"https:\/\/hungexpo.splendex.dev\/en\/"},{"@type":"ListItem","position":2,"name":"Data processing notice"}]},{"@type":"WebSite","@id":"https:\/\/hungexpo.splendex.dev\/#website","url":"https:\/\/hungexpo.splendex.dev\/","name":"HUNGEXPO","description":"...egy \u00fajabb WordPress honlap...","potentialAction":[{"@type":"SearchAction","target":{"@type":"EntryPoint","urlTemplate":"https:\/\/hungexpo.splendex.dev\/?s={search_term_string}"},"query-input":{"@type":"PropertyValueSpecification","valueRequired":true,"valueName":"search_term_string"}}],"inLanguage":"en-US"}]}},"_links":{"self":[{"href":"https:\/\/hungexpo.splendex.dev\/en\/wp-json\/wp\/v2\/pages\/71830"}],"collection":[{"href":"https:\/\/hungexpo.splendex.dev\/en\/wp-json\/wp\/v2\/pages"}],"about":[{"href":"https:\/\/hungexpo.splendex.dev\/en\/wp-json\/wp\/v2\/types\/page"}],"author":[{"embeddable":true,"href":"https:\/\/hungexpo.splendex.dev\/en\/wp-json\/wp\/v2\/users\/4"}],"replies":[{"embeddable":true,"href":"https:\/\/hungexpo.splendex.dev\/en\/wp-json\/wp\/v2\/comments?post=71830"}],"version-history":[{"count":1,"href":"https:\/\/hungexpo.splendex.dev\/en\/wp-json\/wp\/v2\/pages\/71830\/revisions"}],"predecessor-version":[{"id":71832,"href":"https:\/\/hungexpo.splendex.dev\/en\/wp-json\/wp\/v2\/pages\/71830\/revisions\/71832"}],"wp:attachment":[{"href":"https:\/\/hungexpo.splendex.dev\/en\/wp-json\/wp\/v2\/media?parent=71830"}],"curies":[{"name":"wp","href":"https:\/\/api.w.org\/{rel}","templated":true}]}}