{"id":70184,"date":"2023-04-17T15:33:59","date_gmt":"2023-04-17T13:33:59","guid":{"rendered":"https:\/\/hungexpo.hu\/?page_id=70184"},"modified":"2023-04-24T10:46:01","modified_gmt":"2023-04-24T08:46:01","slug":"accessiblity","status":"publish","type":"page","link":"https:\/\/hungexpo.splendex.dev\/en\/accessiblity\/","title":{"rendered":"Accessiblity"},"content":{"rendered":"\n<div style=\"height:30px\" aria-hidden=\"true\" class=\"wp-block-spacer\"><\/div>\n\n\n\n<p style=\"text-align:center\"><strong>Our address: 1101 Budapest, Albertirsai \u00fat 10.<\/strong><\/p>\n\n\n\n<div style=\"height:20px\" aria-hidden=\"true\" class=\"wp-block-spacer\"><\/div>\n\n\n\n<p style=\"text-align: center;\"><iframe src=\"https:\/\/www.google.com\/maps\/embed?pb=!1m18!1m12!1m3!1d2695.806756650223!2d19.119819615134496!3d47.49367780376579!2m3!1f0!2f0!3f0!3m2!1i1024!2i768!4f13.1!3m3!1m2!1s0x4741dcb10aafc229%3A0x2f0dabe57a57d3c4!2sHUNGEXPO%20Zrt.!5e0!3m2!1shu!2shu!4v1680695729262!5m2!1shu!2shu\" width=\"1000\" height=\"350\" style=\"border:0;\" allowfullscreen=\"\" loading=\"lazy\" referrerpolicy=\"no-referrer-when-downgrade\"><\/iframe>\n\n\n\n<div style=\"height:30px\" aria-hidden=\"true\" class=\"wp-block-spacer\"><\/div>\n\n\n\n<h4 class=\"wp-block-heading\" style=\"text-align:center\">Access by air<\/h4>\n\n\n\n<p>Budapest has direct flight connections from all over Europe and  world-wide as well. Altogether 109 cities from 43 countries are  connected with Budapest by 37 airlines. See the list of  the <a rel=\"noreferrer noopener\" href=\"https:\/\/hungexpo.hu\/wp-content\/uploads\/Flight-connections-to-Budapest-2023_summer.pdf\" target=\"_blank\">flight connections to Budapest in 2023<\/a> (in PDF format).<\/p>\n\n\n\n<div style=\"height:20px\" aria-hidden=\"true\" class=\"wp-block-spacer\"><\/div>\n\n\n\n<div class=\"wp-block-image\"><figure class=\"aligncenter is-resized\"><img loading=\"lazy\" decoding=\"async\" src=\"https:\/\/hungexpo.hu\/wp-content\/uploads\/desztinacios_terkep_S23_960px_eng-1024x640.jpg\" alt=\"\" class=\"wp-image-71008\" width=\"700\" height=\"480\"\/><\/figure><\/div>\n\n\n\n<div style=\"height:20px\" aria-hidden=\"true\" class=\"wp-block-spacer\"><\/div>\n\n\n\n<p>Liszt Ferenc International Airport Budapest is 16 km south-east from the  city centre and about 15 km (20 minutes) from the venue HUNGEXPO. You  can access the city centre from the airport by taxi service, airport  shuttle bus, public transport (<a rel=\"noreferrer noopener\" aria-label=\"Bus 100E (opens in a new tab)\" href=\"https:\/\/bkk.hu\/en\/timetables\/#100E\" target=\"_blank\">Bus 100E<\/a>, <a href=\"https:\/\/bkk.hu\/en\/timetables\/#200E\" target=\"_blank\" rel=\"noreferrer noopener\" aria-label=\"Bus 200E (opens in a new tab)\">Bus 200E<\/a>) or car.<\/p>\n\n\n\n<div style=\"height:20px\" aria-hidden=\"true\" class=\"wp-block-spacer\"><\/div>\n\n\n\n<div class=\"wp-block-image\"><figure class=\"aligncenter is-resized\"><img loading=\"lazy\" decoding=\"async\" src=\"https:\/\/hungexpo.hu\/wp-content\/uploads\/N\u00e9vtelen-terv.png\" alt=\"\" class=\"wp-image-70852\" width=\"606\" height=\"435\" srcset=\"https:\/\/hungexpo.hu\/wp-content\/uploads\/N\u00e9vtelen-terv.png 606w, https:\/\/hungexpo.hu\/wp-content\/uploads\/N\u00e9vtelen-terv-300x215.png 300w\" sizes=\"(max-width: 606px) 100vw, 606px\" \/><\/figure><\/div>\n\n\n\n<div style=\"height:40px\" aria-hidden=\"true\" class=\"wp-block-spacer\"><\/div>\n\n\n\n<h4 class=\"wp-block-heading\" style=\"text-align:center\">Public transport<\/h4>\n\n\n\n<p>Budapest has an extensive public transport network. It is operated by the company BKK (Budapesti K\u00f6zleked\u00e9si K\u00f6zpont \/ Centre for Budapest Transport). The service includes buses, trolleybuses, trams, underground railway, metro, above ground suburban trains (H\u00c9V) and funicular railway. These have several lines throughout the city. The most important information on these lines can be found on <a rel=\"noreferrer noopener\" href=\"https:\/\/bkk.hu\/en\/timetables-trip-planner\/\" target=\"_blank\">THIS<\/a> website. You can also find information on public transportation tickets and passes <a rel=\"noreferrer noopener\" href=\"https:\/\/bkk.hu\/en\/tickets-and-passes\/prices\/\" target=\"_blank\">HERE<\/a>.<\/p>\n\n\n\n<p><strong>Approaching HUNGEXPO:<\/strong> <\/p>\n\n\n\n<div class=\"wp-block-image\"><figure class=\"alignright is-resized\"><img loading=\"lazy\" decoding=\"async\" src=\"https:\/\/hungexpo.hu\/wp-content\/uploads\/hungexpo_20210906_090601_DSC_9431-1024x646.jpg\" alt=\"\" class=\"wp-image-70977\" width=\"430\" height=\"323\"\/><\/figure><\/div>\n\n\n\n<p><strong>Bus:<\/strong> If you approach Hungexpo by public transport, Bus 10 is passing on a round way from \u00d6rs Vez\u00e9r Tere metro station around HUNGEXPO and  basically stops at each gate. See the exact stops and the timetable for Bus 10 <a rel=\"noreferrer noopener\" href=\"https:\/\/bkk.hu\/en\/timetables\/#10\" target=\"_blank\">HERE<\/a>.<\/p>\n\n\n\n<p><strong>Metro:<\/strong> You can also enter Hungexpo if you go to Pillang\u00f3 utca station with  Metro Line 2 (M2) and from there the main entrance is about a 15 minute  walk away.\n\n<\/p>\n\n\n\n<div style=\"height:50px\" aria-hidden=\"true\" class=\"wp-block-spacer\"><\/div>\n\n\n\n<h4 class=\"wp-block-heading\" style=\"text-align:center\">Taxi service for congress delegates<\/h4>\n\n\n\n<p>City taxi is Hungexpo&#8217;s dedicated taxi company. The company creates a taxi rank at an agreed place (preferably near to the registration area). At the taxi desk delegates can easily order taxis. The taxi company can also provide cards, with which congress delegates can travel on a discounted rate anywhere in the city. Setting up the taxi service during the congress has no extra cost. <\/p>\n\n\n\n<div style=\"height:50px\" aria-hidden=\"true\" class=\"wp-block-spacer\"><\/div>\n\n\n\n<div class=\"wp-block-image\"><figure class=\"aligncenter is-resized\"><img decoding=\"async\" src=\"https:\/\/hungexpo.hu\/wp-content\/uploads\/K\u00e9p11s-1024x526.png\" alt=\"\" class=\"wp-image-70863\" width=\"750\" srcset=\"https:\/\/hungexpo.hu\/wp-content\/uploads\/K\u00e9p11s-1024x526.png 1024w, https:\/\/hungexpo.hu\/wp-content\/uploads\/K\u00e9p11s-300x154.png 300w, https:\/\/hungexpo.hu\/wp-content\/uploads\/K\u00e9p11s-768x395.png 768w, https:\/\/hungexpo.hu\/wp-content\/uploads\/K\u00e9p11s.png 1536w\" sizes=\"(max-width: 1024px) 100vw, 1024px\" \/><\/figure><\/div>\n\n\n\n<div style=\"height:50px\" aria-hidden=\"true\" class=\"wp-block-spacer\"><\/div>\n","protected":false},"excerpt":{"rendered":"<p>Our address: 1101 Budapest, Albertirsai \u00fat 10. Access by air Budapest has direct flight connections from all over Europe and world-wide as well. Altogether 109 cities from 43 countries are connected with Budapest by 37 airlines. See the list of the flight connections to Budapest in 2023 (in PDF format). Liszt Ferenc International Airport Budapest [&hellip;]<\/p>\n","protected":false},"author":5,"featured_media":70390,"parent":0,"menu_order":0,"comment_status":"closed","ping_status":"closed","template":"template-locations.php","meta":{"_acf_changed":false,"footnotes":""},"acf":[],"yoast_head":"<!-- This site is optimized with the Yoast SEO plugin v23.5 - https:\/\/yoast.com\/wordpress\/plugins\/seo\/ -->\n<title>Accessiblity - HUNGEXPO<\/title>\n<meta name=\"robots\" content=\"index, follow, max-snippet:-1, max-image-preview:large, max-video-preview:-1\" \/>\n<link rel=\"canonical\" href=\"https:\/\/hungexpo.splendex.dev\/megkozelithetoseg\/\" \/>\n<meta property=\"og:locale\" content=\"en_US\" \/>\n<meta property=\"og:type\" content=\"article\" \/>\n<meta property=\"og:title\" content=\"Accessiblity - HUNGEXPO\" \/>\n<meta property=\"og:description\" content=\"Our address: 1101 Budapest, Albertirsai \u00fat 10. Access by air Budapest has direct flight connections from all over Europe and world-wide as well. Altogether 109 cities from 43 countries are connected with Budapest by 37 airlines. See the list of the flight connections to Budapest in 2023 (in PDF format). Liszt Ferenc International Airport Budapest [&hellip;]\" \/>\n<meta property=\"og:url\" content=\"https:\/\/hungexpo.splendex.dev\/megkozelithetoseg\/\" \/>\n<meta property=\"og:site_name\" content=\"HUNGEXPO\" \/>\n<meta property=\"article:modified_time\" content=\"2023-04-24T08:46:01+00:00\" \/>\n<meta property=\"og:image\" content=\"https:\/\/hungexpo.hu\/wp-content\/uploads\/F1-final-3sssdd21.jpg\" \/>\n\t<meta property=\"og:image:width\" content=\"5070\" \/>\n\t<meta property=\"og:image:height\" content=\"1980\" \/>\n\t<meta property=\"og:image:type\" content=\"image\/jpeg\" \/>\n<meta name=\"twitter:card\" content=\"summary_large_image\" \/>\n<meta name=\"twitter:label1\" content=\"Est. reading time\" \/>\n\t<meta name=\"twitter:data1\" content=\"2 minutes\" \/>\n<script type=\"application\/ld+json\" class=\"yoast-schema-graph\">{\"@context\":\"https:\/\/schema.org\",\"@graph\":[{\"@type\":\"WebPage\",\"@id\":\"https:\/\/hungexpo.splendex.dev\/megkozelithetoseg\/\",\"url\":\"https:\/\/hungexpo.splendex.dev\/megkozelithetoseg\/\",\"name\":\"Accessiblity - HUNGEXPO\",\"isPartOf\":{\"@id\":\"https:\/\/hungexpo.splendex.dev\/#website\"},\"primaryImageOfPage\":{\"@id\":\"https:\/\/hungexpo.splendex.dev\/megkozelithetoseg\/#primaryimage\"},\"image\":{\"@id\":\"https:\/\/hungexpo.splendex.dev\/megkozelithetoseg\/#primaryimage\"},\"thumbnailUrl\":\"https:\/\/hungexpo.hu\/wp-content\/uploads\/F1-final-3sssdd21.jpg\",\"datePublished\":\"2023-04-17T13:33:59+00:00\",\"dateModified\":\"2023-04-24T08:46:01+00:00\",\"breadcrumb\":{\"@id\":\"https:\/\/hungexpo.splendex.dev\/megkozelithetoseg\/#breadcrumb\"},\"inLanguage\":\"en-US\",\"potentialAction\":[{\"@type\":\"ReadAction\",\"target\":[\"https:\/\/hungexpo.splendex.dev\/megkozelithetoseg\/\"]}]},{\"@type\":\"ImageObject\",\"inLanguage\":\"en-US\",\"@id\":\"https:\/\/hungexpo.splendex.dev\/megkozelithetoseg\/#primaryimage\",\"url\":\"https:\/\/hungexpo.hu\/wp-content\/uploads\/F1-final-3sssdd21.jpg\",\"contentUrl\":\"https:\/\/hungexpo.hu\/wp-content\/uploads\/F1-final-3sssdd21.jpg\",\"width\":5070,\"height\":1980},{\"@type\":\"BreadcrumbList\",\"@id\":\"https:\/\/hungexpo.splendex.dev\/megkozelithetoseg\/#breadcrumb\",\"itemListElement\":[{\"@type\":\"ListItem\",\"position\":1,\"name\":\"Home\",\"item\":\"https:\/\/hungexpo.splendex.dev\/en\/\"},{\"@type\":\"ListItem\",\"position\":2,\"name\":\"Accessiblity\"}]},{\"@type\":\"WebSite\",\"@id\":\"https:\/\/hungexpo.splendex.dev\/#website\",\"url\":\"https:\/\/hungexpo.splendex.dev\/\",\"name\":\"HUNGEXPO\",\"description\":\"...egy \u00fajabb WordPress honlap...\",\"potentialAction\":[{\"@type\":\"SearchAction\",\"target\":{\"@type\":\"EntryPoint\",\"urlTemplate\":\"https:\/\/hungexpo.splendex.dev\/?s={search_term_string}\"},\"query-input\":{\"@type\":\"PropertyValueSpecification\",\"valueRequired\":true,\"valueName\":\"search_term_string\"}}],\"inLanguage\":\"en-US\"}]}<\/script>\n<!-- \/ Yoast SEO plugin. -->","yoast_head_json":{"title":"Accessiblity - HUNGEXPO","robots":{"index":"index","follow":"follow","max-snippet":"max-snippet:-1","max-image-preview":"max-image-preview:large","max-video-preview":"max-video-preview:-1"},"canonical":"https:\/\/hungexpo.splendex.dev\/megkozelithetoseg\/","og_locale":"en_US","og_type":"article","og_title":"Accessiblity - HUNGEXPO","og_description":"Our address: 1101 Budapest, Albertirsai \u00fat 10. Access by air Budapest has direct flight connections from all over Europe and world-wide as well. Altogether 109 cities from 43 countries are connected with Budapest by 37 airlines. See the list of the flight connections to Budapest in 2023 (in PDF format). Liszt Ferenc International Airport Budapest [&hellip;]","og_url":"https:\/\/hungexpo.splendex.dev\/megkozelithetoseg\/","og_site_name":"HUNGEXPO","article_modified_time":"2023-04-24T08:46:01+00:00","og_image":[{"width":5070,"height":1980,"url":"https:\/\/hungexpo.hu\/wp-content\/uploads\/F1-final-3sssdd21.jpg","type":"image\/jpeg"}],"twitter_card":"summary_large_image","twitter_misc":{"Est. reading time":"2 minutes"},"schema":{"@context":"https:\/\/schema.org","@graph":[{"@type":"WebPage","@id":"https:\/\/hungexpo.splendex.dev\/megkozelithetoseg\/","url":"https:\/\/hungexpo.splendex.dev\/megkozelithetoseg\/","name":"Accessiblity - HUNGEXPO","isPartOf":{"@id":"https:\/\/hungexpo.splendex.dev\/#website"},"primaryImageOfPage":{"@id":"https:\/\/hungexpo.splendex.dev\/megkozelithetoseg\/#primaryimage"},"image":{"@id":"https:\/\/hungexpo.splendex.dev\/megkozelithetoseg\/#primaryimage"},"thumbnailUrl":"https:\/\/hungexpo.hu\/wp-content\/uploads\/F1-final-3sssdd21.jpg","datePublished":"2023-04-17T13:33:59+00:00","dateModified":"2023-04-24T08:46:01+00:00","breadcrumb":{"@id":"https:\/\/hungexpo.splendex.dev\/megkozelithetoseg\/#breadcrumb"},"inLanguage":"en-US","potentialAction":[{"@type":"ReadAction","target":["https:\/\/hungexpo.splendex.dev\/megkozelithetoseg\/"]}]},{"@type":"ImageObject","inLanguage":"en-US","@id":"https:\/\/hungexpo.splendex.dev\/megkozelithetoseg\/#primaryimage","url":"https:\/\/hungexpo.hu\/wp-content\/uploads\/F1-final-3sssdd21.jpg","contentUrl":"https:\/\/hungexpo.hu\/wp-content\/uploads\/F1-final-3sssdd21.jpg","width":5070,"height":1980},{"@type":"BreadcrumbList","@id":"https:\/\/hungexpo.splendex.dev\/megkozelithetoseg\/#breadcrumb","itemListElement":[{"@type":"ListItem","position":1,"name":"Home","item":"https:\/\/hungexpo.splendex.dev\/en\/"},{"@type":"ListItem","position":2,"name":"Accessiblity"}]},{"@type":"WebSite","@id":"https:\/\/hungexpo.splendex.dev\/#website","url":"https:\/\/hungexpo.splendex.dev\/","name":"HUNGEXPO","description":"...egy \u00fajabb WordPress honlap...","potentialAction":[{"@type":"SearchAction","target":{"@type":"EntryPoint","urlTemplate":"https:\/\/hungexpo.splendex.dev\/?s={search_term_string}"},"query-input":{"@type":"PropertyValueSpecification","valueRequired":true,"valueName":"search_term_string"}}],"inLanguage":"en-US"}]}},"_links":{"self":[{"href":"https:\/\/hungexpo.splendex.dev\/en\/wp-json\/wp\/v2\/pages\/70184"}],"collection":[{"href":"https:\/\/hungexpo.splendex.dev\/en\/wp-json\/wp\/v2\/pages"}],"about":[{"href":"https:\/\/hungexpo.splendex.dev\/en\/wp-json\/wp\/v2\/types\/page"}],"author":[{"embeddable":true,"href":"https:\/\/hungexpo.splendex.dev\/en\/wp-json\/wp\/v2\/users\/5"}],"replies":[{"embeddable":true,"href":"https:\/\/hungexpo.splendex.dev\/en\/wp-json\/wp\/v2\/comments?post=70184"}],"version-history":[{"count":171,"href":"https:\/\/hungexpo.splendex.dev\/en\/wp-json\/wp\/v2\/pages\/70184\/revisions"}],"predecessor-version":[{"id":71373,"href":"https:\/\/hungexpo.splendex.dev\/en\/wp-json\/wp\/v2\/pages\/70184\/revisions\/71373"}],"wp:featuredmedia":[{"embeddable":true,"href":"https:\/\/hungexpo.splendex.dev\/en\/wp-json\/wp\/v2\/media\/70390"}],"wp:attachment":[{"href":"https:\/\/hungexpo.splendex.dev\/en\/wp-json\/wp\/v2\/media?parent=70184"}],"curies":[{"name":"wp","href":"https:\/\/api.w.org\/{rel}","templated":true}]}}