{"id":20982,"date":"2020-01-10T19:27:29","date_gmt":"2020-01-10T18:27:29","guid":{"rendered":"https:\/\/hungexpo.hu\/cookie-kezelesi-szabalyzat\/"},"modified":"2020-01-10T19:32:20","modified_gmt":"2020-01-10T18:32:20","slug":"cookie-management","status":"publish","type":"page","link":"https:\/\/hungexpo.splendex.dev\/en\/cookie-management\/","title":{"rendered":"Cookie management"},"content":{"rendered":"\n<p>We use Google AdWords Remarketing which uses cookies to help us  deliver targeted online adverts based on past visits to our website.  Google uses this information to carefully display CloudApps adverts on  various third party websites across the internet. These cookies are set  to expire and do not contain information that can identify you  personally. Please refer to the <a href=\"http:\/\/www.google.com\/privacy\/ads\/\" target=\"_blank\" rel=\"noreferrer noopener\" aria-label=\" (opens in a new tab)\">Google Advertising Privacy Notice<\/a> for more information about the ability to opt out.<br><\/p>\n\n\n\n<p>You can use <a href=\"https:\/\/www.google.com\/ads\/preferences\/?hl=en-GB\" target=\"_blank\" rel=\"noreferrer noopener\" aria-label=\" (opens in a new tab)\">Ads Settings<\/a> to manage the Google ads that you see and opt out of interest-based ads.<\/p>\n\n\n\n<p>This\n website uses Google Analytics, a web analytics service provided by \nGoogle, Inc. (\u201cGoogle\u201d). Google Analytics uses \u201ccookies,\u201d which are text\n files placed on your computer, to help the website analyse how users \nuse the site. The information generated by the cookie about your use of \nthe website (including your IP address) will be transmitted to and \nstored by Google on servers in the United States. Google will use this \ninformation for the purpose of evaluating your use of the website, \ncompiling reports on website activity for website operators and \nproviding other services relating to website activity and Internet \nusage. Google may also transfer this information to third parties where \nrequired to do so by law, or where such third parties process the \ninformation on Google\u2019s behalf. Google will not associate your IP \naddress with any other data held by Google. You may refuse the use of \ncookies by selecting the appropriate settings on your browser, however \nplease note that if you do this you may not be able to use the full \nfunctionality of this website. By using this website, you consent to the\n processing of data about you by Google in the manner and for the \npurposes set out above. Please refer to the Google Advertising Privacy \nNotice for more information about tracking cookies for Google Adwords \n&amp; Google Analytics.<\/p>\n\n\n\n<p>This <strong><a href=\"http:\/\/developers.google.com\/analytics\/devguides\/collection\/analyticsjs\/cookie-usage\" target=\"_blank\" rel=\"noreferrer noopener\" aria-label=\" (opens in a new tab)\">document <\/a><\/strong>describes how Google Analytics uses cookies to measure user-interactions on websites.<\/p>\n\n\n\n<p><strong>Important!<\/strong><br>During\n using GA services we do not collect and store your name or address, the\n data collected are not capable to identify you, furthermore we do not \ngive authorization to use Google this informatin for its own purpose.<\/p>\n\n\n\n<p><strong>How to manage cookies<\/strong><br>You  can manage cookies by activating the setting on your internet browser  that allows you to refuse the setting of all or some cookies. Please  refer to the instructions or the online help files available via your  relevant browser if you wish to manage cookies in this way:<br><a rel=\"noreferrer noopener\" aria-label=\" (opens in a new tab)\" href=\"http:\/\/windows.microsoft.com\/en-us\/internet-explorer\/delete-manage-cookies\" target=\"_blank\">Manage cookies in Internet Explorer<\/a><br><a rel=\"noreferrer noopener\" aria-label=\" (opens in a new tab)\" href=\"https:\/\/support.mozilla.org\/en-US\/kb\/cookies-information-websites-store-on-your-computer\" target=\"_blank\">Manage cookies in be\u00e1ll\u00edt\u00e1s a Firefox<\/a><br><a rel=\"noreferrer noopener\" aria-label=\" (opens in a new tab)\" href=\"http:\/\/support.google.com\/chrome\/bin\/answer.py?hl=en&amp;answer=95647\" target=\"_blank\">Manage cookies in Chrome<\/a><br><a href=\"http:\/\/support.apple.com\/kb\/PH5042\" target=\"_blank\" rel=\"noreferrer noopener\" aria-label=\" (opens in a new tab)\">Manage cookies in Safari<\/a><br>Please  note, if you refuse cookies this may mean that you can\u2019t use some of  the additional features of our website and may not be able to access  certain parts of the website.<\/p>\n","protected":false},"excerpt":{"rendered":"<p>We use Google AdWords Remarketing which uses cookies to help us deliver targeted online adverts based on past visits to our website. Google uses this information to carefully display CloudApps adverts on various third party websites across the internet. These cookies are set to expire and do not contain information that can identify you personally. [&hellip;]<\/p>\n","protected":false},"author":4,"featured_media":0,"parent":0,"menu_order":0,"comment_status":"closed","ping_status":"closed","template":"","meta":{"_acf_changed":false,"footnotes":""},"acf":[],"yoast_head":"<!-- This site is optimized with the Yoast SEO plugin v23.5 - https:\/\/yoast.com\/wordpress\/plugins\/seo\/ -->\n<title>Cookie management - HUNGEXPO<\/title>\n<meta name=\"robots\" content=\"index, follow, max-snippet:-1, max-image-preview:large, max-video-preview:-1\" \/>\n<link rel=\"canonical\" href=\"https:\/\/hungexpo.splendex.dev\/cookie-kezelesi-szabalyzat\/\" \/>\n<meta property=\"og:locale\" content=\"en_US\" \/>\n<meta property=\"og:type\" content=\"article\" \/>\n<meta property=\"og:title\" content=\"Cookie management - HUNGEXPO\" \/>\n<meta property=\"og:description\" content=\"We use Google AdWords Remarketing which uses cookies to help us deliver targeted online adverts based on past visits to our website. Google uses this information to carefully display CloudApps adverts on various third party websites across the internet. These cookies are set to expire and do not contain information that can identify you personally. [&hellip;]\" \/>\n<meta property=\"og:url\" content=\"https:\/\/hungexpo.splendex.dev\/cookie-kezelesi-szabalyzat\/\" \/>\n<meta property=\"og:site_name\" content=\"HUNGEXPO\" \/>\n<meta property=\"article:modified_time\" content=\"2020-01-10T18:32:20+00:00\" \/>\n<meta name=\"twitter:card\" content=\"summary_large_image\" \/>\n<meta name=\"twitter:label1\" content=\"Est. reading time\" \/>\n\t<meta name=\"twitter:data1\" content=\"2 minutes\" \/>\n<script type=\"application\/ld+json\" class=\"yoast-schema-graph\">{\"@context\":\"https:\/\/schema.org\",\"@graph\":[{\"@type\":\"WebPage\",\"@id\":\"https:\/\/hungexpo.splendex.dev\/cookie-kezelesi-szabalyzat\/\",\"url\":\"https:\/\/hungexpo.splendex.dev\/cookie-kezelesi-szabalyzat\/\",\"name\":\"Cookie management - HUNGEXPO\",\"isPartOf\":{\"@id\":\"https:\/\/hungexpo.splendex.dev\/#website\"},\"datePublished\":\"2020-01-10T18:27:29+00:00\",\"dateModified\":\"2020-01-10T18:32:20+00:00\",\"breadcrumb\":{\"@id\":\"https:\/\/hungexpo.splendex.dev\/cookie-kezelesi-szabalyzat\/#breadcrumb\"},\"inLanguage\":\"en-US\",\"potentialAction\":[{\"@type\":\"ReadAction\",\"target\":[\"https:\/\/hungexpo.splendex.dev\/cookie-kezelesi-szabalyzat\/\"]}]},{\"@type\":\"BreadcrumbList\",\"@id\":\"https:\/\/hungexpo.splendex.dev\/cookie-kezelesi-szabalyzat\/#breadcrumb\",\"itemListElement\":[{\"@type\":\"ListItem\",\"position\":1,\"name\":\"Home\",\"item\":\"https:\/\/hungexpo.splendex.dev\/en\/\"},{\"@type\":\"ListItem\",\"position\":2,\"name\":\"Cookie management\"}]},{\"@type\":\"WebSite\",\"@id\":\"https:\/\/hungexpo.splendex.dev\/#website\",\"url\":\"https:\/\/hungexpo.splendex.dev\/\",\"name\":\"HUNGEXPO\",\"description\":\"...egy \u00fajabb WordPress honlap...\",\"potentialAction\":[{\"@type\":\"SearchAction\",\"target\":{\"@type\":\"EntryPoint\",\"urlTemplate\":\"https:\/\/hungexpo.splendex.dev\/?s={search_term_string}\"},\"query-input\":{\"@type\":\"PropertyValueSpecification\",\"valueRequired\":true,\"valueName\":\"search_term_string\"}}],\"inLanguage\":\"en-US\"}]}<\/script>\n<!-- \/ Yoast SEO plugin. -->","yoast_head_json":{"title":"Cookie management - HUNGEXPO","robots":{"index":"index","follow":"follow","max-snippet":"max-snippet:-1","max-image-preview":"max-image-preview:large","max-video-preview":"max-video-preview:-1"},"canonical":"https:\/\/hungexpo.splendex.dev\/cookie-kezelesi-szabalyzat\/","og_locale":"en_US","og_type":"article","og_title":"Cookie management - HUNGEXPO","og_description":"We use Google AdWords Remarketing which uses cookies to help us deliver targeted online adverts based on past visits to our website. Google uses this information to carefully display CloudApps adverts on various third party websites across the internet. These cookies are set to expire and do not contain information that can identify you personally. [&hellip;]","og_url":"https:\/\/hungexpo.splendex.dev\/cookie-kezelesi-szabalyzat\/","og_site_name":"HUNGEXPO","article_modified_time":"2020-01-10T18:32:20+00:00","twitter_card":"summary_large_image","twitter_misc":{"Est. reading time":"2 minutes"},"schema":{"@context":"https:\/\/schema.org","@graph":[{"@type":"WebPage","@id":"https:\/\/hungexpo.splendex.dev\/cookie-kezelesi-szabalyzat\/","url":"https:\/\/hungexpo.splendex.dev\/cookie-kezelesi-szabalyzat\/","name":"Cookie management - HUNGEXPO","isPartOf":{"@id":"https:\/\/hungexpo.splendex.dev\/#website"},"datePublished":"2020-01-10T18:27:29+00:00","dateModified":"2020-01-10T18:32:20+00:00","breadcrumb":{"@id":"https:\/\/hungexpo.splendex.dev\/cookie-kezelesi-szabalyzat\/#breadcrumb"},"inLanguage":"en-US","potentialAction":[{"@type":"ReadAction","target":["https:\/\/hungexpo.splendex.dev\/cookie-kezelesi-szabalyzat\/"]}]},{"@type":"BreadcrumbList","@id":"https:\/\/hungexpo.splendex.dev\/cookie-kezelesi-szabalyzat\/#breadcrumb","itemListElement":[{"@type":"ListItem","position":1,"name":"Home","item":"https:\/\/hungexpo.splendex.dev\/en\/"},{"@type":"ListItem","position":2,"name":"Cookie management"}]},{"@type":"WebSite","@id":"https:\/\/hungexpo.splendex.dev\/#website","url":"https:\/\/hungexpo.splendex.dev\/","name":"HUNGEXPO","description":"...egy \u00fajabb WordPress honlap...","potentialAction":[{"@type":"SearchAction","target":{"@type":"EntryPoint","urlTemplate":"https:\/\/hungexpo.splendex.dev\/?s={search_term_string}"},"query-input":{"@type":"PropertyValueSpecification","valueRequired":true,"valueName":"search_term_string"}}],"inLanguage":"en-US"}]}},"_links":{"self":[{"href":"https:\/\/hungexpo.splendex.dev\/en\/wp-json\/wp\/v2\/pages\/20982"}],"collection":[{"href":"https:\/\/hungexpo.splendex.dev\/en\/wp-json\/wp\/v2\/pages"}],"about":[{"href":"https:\/\/hungexpo.splendex.dev\/en\/wp-json\/wp\/v2\/types\/page"}],"author":[{"embeddable":true,"href":"https:\/\/hungexpo.splendex.dev\/en\/wp-json\/wp\/v2\/users\/4"}],"replies":[{"embeddable":true,"href":"https:\/\/hungexpo.splendex.dev\/en\/wp-json\/wp\/v2\/comments?post=20982"}],"version-history":[{"count":1,"href":"https:\/\/hungexpo.splendex.dev\/en\/wp-json\/wp\/v2\/pages\/20982\/revisions"}],"predecessor-version":[{"id":20983,"href":"https:\/\/hungexpo.splendex.dev\/en\/wp-json\/wp\/v2\/pages\/20982\/revisions\/20983"}],"wp:attachment":[{"href":"https:\/\/hungexpo.splendex.dev\/en\/wp-json\/wp\/v2\/media?parent=20982"}],"curies":[{"name":"wp","href":"https:\/\/api.w.org\/{rel}","templated":true}]}}