{"id":14337,"date":"2019-10-11T12:08:02","date_gmt":"2019-10-11T10:08:02","guid":{"rendered":"https:\/\/hungexpo.hu\/nemzetkozi-vasarkepviselet\/"},"modified":"2024-09-13T11:17:06","modified_gmt":"2024-09-13T09:17:06","slug":"international-representatives","status":"publish","type":"page","link":"https:\/\/hungexpo.splendex.dev\/en\/international-representatives\/","title":{"rendered":"International representatives"},"content":{"rendered":"\n<h4 class=\"wp-block-heading\"><strong><span style=\"color:#0693e3\" class=\"color\">Ms. Paula Glink<\/span><\/strong><span style=\"color:#0693e3\" class=\"color\">, <\/span><strong><span style=\"color:#0693e3\" class=\"color\">Mr. Michael Pittscheidt<\/span><\/strong><span style=\"color:#0693e3\" class=\"color\"><br><\/span><strong><span style=\"color:#0693e3\" class=\"color\">Austria, Germany, Switzerland<\/span><\/strong><\/h4>\n\n\n\n<p>Messe &amp; Marketing Michael Pittscheidt <br><a rel=\"noreferrer noopener\" href=\"mailto:p.glink@pittscheidt.de\" target=\"_blank\">p.glink@pittscheidt.de<\/a> ; <a rel=\"noreferrer noopener\" href=\"mailto:info@pittscheidt.de\" target=\"_blank\">info@pittscheidt.de<\/a> <br>+49 178 323 0938 ; +49 2251 866 5658<br><a rel=\"noreferrer noopener\" href=\"https:\/\/www.pittscheidt.de\/\" target=\"_blank\">www.pittscheidt.de<\/a> <\/p>\n\n\n\n<hr class=\"wp-block-separator has-css-opacity\"\/>\n\n\n\n<h4 class=\"wp-block-heading\"><span style=\"color:#0693e3\" class=\"color\">Mr. Sigitas Brazinskas<br>Baltic states, Ukraine, Moldova<\/span><\/h4>\n\n\n\n<p><a rel=\"noreferrer noopener\" href=\"mailto:Sigitas.brazinskas@gmail.com\" target=\"_blank\">Sigitas.brazinskas@gmail.com<\/a><br>+370 698 03730 <\/p>\n\n\n\n<hr class=\"wp-block-separator has-css-opacity\"\/>\n\n\n\n<h4 class=\"wp-block-heading has-vivid-cyan-blue-color has-text-color has-link-color wp-elements-a15d634573511f498f8eb37444e3cab2\"><span style=\"color:#0693e3\" class=\"color\">Mr. Eric Van Den Berghe <br><\/span><strong><span style=\"color:#0693e3\" class=\"color\">Benelux countries<\/span><\/strong>, France<\/h4>\n\n\n\n<p>Stradex international<br><a href=\"mailto:eric@stradex.be\">eric@stradex.be<\/a><br>+32 498 33 12 26<br><a href=\"http:\/\/www.stradex.be\/\" target=\"_blank\" rel=\"noreferrer noopener\">www.stradex.be<\/a> <\/p>\n\n\n\n<hr class=\"wp-block-separator has-alpha-channel-opacity\"\/>\n\n\n\n<h4 class=\"wp-block-heading has-vivid-cyan-blue-color has-text-color has-link-color wp-elements-3e466d849f4ad5196cd30f758a41adc1\" id=\"block-2f7c9945-9cfe-495e-82da-7a50bb6ed3f2\"><strong>Ms. Esra \u0130brahima\u011fao\u011flu and Mr. Hakan Kurt<br><\/strong>Turkey<\/h4>\n\n\n\n<p id=\"block-9fd1a3e6-b9cf-4376-99bd-73ee7a273dca\">Messe Turkey<br>E-mail: <a href=\"mailto:esra@messeturkey.com.tr\" target=\"_blank\" rel=\"noreferrer noopener\">esra@messeturkey.com.tr<\/a>; <a href=\"mailto:hakan@messeturkey.com.tr\" target=\"_blank\" rel=\"noreferrer noopener\">hakan@messeturkey.com.tr<\/a><\/p>\n\n\n\n<hr class=\"wp-block-separator has-css-opacity\"\/>\n\n\n\n<h4 class=\"wp-block-heading\"><span style=\"color:#0693e3\" class=\"color\">Ms. Lyn<\/span><br><span style=\"color:#0693e3\" class=\"color\">China<\/span><br>(Reneo, Hungarotherm)<\/h4>\n\n\n\n<p>Uexpo International Exhibition Service (Beijing) Co.,Ltd <br><a href=\"mailto:lyn@cisc-ccpit.org \">lyn@cisc-ccpit.org<\/a><br>+86 10 68368021<br><a href=\"http:\/\/www.uexpo.com.cn\/\" target=\"_blank\" rel=\"noreferrer noopener\">www.uexpo.com.cn<\/a> <\/p>\n\n\n\n<hr class=\"wp-block-separator has-alpha-channel-opacity\"\/>\n\n\n\n<h4 class=\"wp-block-heading has-vivid-cyan-blue-color has-text-color has-link-color wp-elements-9903a94696b6a5fee5e6b2b7e778dd8e\"><strong>Ms Yeliz Erez<br>Turkey<\/strong><\/h4>\n\n\n\n<h4 class=\"wp-block-heading has-black-color has-text-color has-link-color wp-elements-72063373613c871d41f8fb4986901a07\">(<strong>Construma, Otthon Design<\/strong>)<\/h4>\n\n\n\n<p>World expo<\/p>\n\n\n\n<p>Tel: +90 (212) 980 00 09<\/p>\n\n\n\n<hr class=\"wp-block-separator has-alpha-channel-opacity\"\/>\n\n\n\n<p>E-mail: <a href=\"mailto:operation@worldexpofair.com\" target=\"_blank\" rel=\"noreferrer noopener\">operation@worldexpofair.com<\/a><\/p>\n\n\n\n<h4 class=\"wp-block-heading\"><span style=\"color:#0693e3\" class=\"color\">Nicole Chen<\/span><br><span style=\"color:#0693e3\" class=\"color\">China<\/span><br>(Construma)<\/h4>\n\n\n\n<p>project manager<br>Wing (China) Exhibition Co., Ltd <br><a href=\"mailto:chenlin@wingexpo.com \">chenlin@wingexpo.com&nbsp;<\/a><br><a rel=\"noreferrer noopener\" aria-label=\"www.wingexpo.com (opens in a new tab)\" href=\"http:\/\/www.wingexpo.com\" target=\"_blank\">www.wingexpo.com<\/a><\/p>\n\n\n\n<hr class=\"wp-block-separator has-css-opacity\"\/>\n\n\n\n<h4 class=\"wp-block-heading\"><strong><span style=\"color:#0693e3\" class=\"color\">Ms. Sonia Villani<\/span><\/strong><span style=\"color:#0693e3\" class=\"color\"><br><\/span><strong><span style=\"color:#0693e3\" class=\"color\">Italy<\/span><\/strong><\/h4>\n\n\n\n<p>GLOBE TROTTER SAS <br><a rel=\"noreferrer noopener\" href=\"mailto:info@gtrotter.it\" target=\"_blank\">info@gtrotter.it<\/a><br>+39 393-9712553<br><a rel=\"noreferrer noopener\" href=\"https:\/\/gtrotter.it\/\" target=\"_blank\">https:\/\/gtrotter.it\/<\/a> <\/p>\n\n\n\n<hr class=\"wp-block-separator has-css-opacity\"\/>\n\n\n\n<h4 class=\"wp-block-heading\"><strong><span style=\"color:#0693e3\" class=\"color\">Ms. Zsuzsanna<\/span><\/strong><span style=\"color:#0693e3\" class=\"color\"> Kiss<br><\/span><strong><span style=\"color:#0693e3\" class=\"color\">Italy<\/span><\/strong><\/h4>\n\n\n\n<p>ITA &#8211; Italian Trade Agency<br><a rel=\"noreferrer noopener\" href=\"mailto:z.kiss@ice.it\" target=\"_blank\">z.kiss@ice.it<\/a><br>+36 70&nbsp;312 9363<br><a rel=\"noreferrer noopener\" href=\"https:\/\/www.ice.it\/\" target=\"_blank\">www.ice.it<\/a> <\/p>\n\n\n\n<hr class=\"wp-block-separator has-css-opacity\"\/>\n\n\n\n<h4 class=\"wp-block-heading\"><strong><span style=\"color:#0693e3\" class=\"color\">Mr. <\/span><\/strong><span style=\"color:#0693e3\" class=\"color\">Wojciech M\u0142ynarczyk<br><\/span><strong><span style=\"color:#0693e3\" class=\"color\">Poland<\/span><\/strong><\/h4>\n\n\n\n<figure class=\"wp-block-image is-resized\"><img loading=\"lazy\" decoding=\"async\" width=\"350\" height=\"196\" src=\"https:\/\/hungexpo.hu\/wp-content\/uploads\/ENG_lengyel-magyar_gazdasagi_logo-4.jpg\" alt=\"\" class=\"wp-image-60075\" style=\"width:175px;height:98px\" srcset=\"https:\/\/hungexpo.hu\/wp-content\/uploads\/ENG_lengyel-magyar_gazdasagi_logo-4.jpg 350w, https:\/\/hungexpo.hu\/wp-content\/uploads\/ENG_lengyel-magyar_gazdasagi_logo-4-300x168.jpg 300w\" sizes=\"(max-width: 350px) 100vw, 350px\" \/><\/figure>\n\n\n\n<p><a rel=\"noreferrer noopener\" href=\"mailto:wojciech.mlynarczyk@plhucc.com\" target=\"_blank\">wojciech.mlynarczyk@plhucc.com<\/a><br>+36 30 858 98 59;&nbsp;+48 508 698 284<br><a rel=\"noreferrer noopener\" href=\"http:\/\/www.plhucc.com\/\" target=\"_blank\">www.plhucc.com<\/a><\/p>\n\n\n\n<hr class=\"wp-block-separator has-css-opacity\"\/>\n\n\n\n<h4 class=\"wp-block-heading\"><strong><span style=\"color:#0693e3\" class=\"color\">Mr. Eduardo J. Teixeria-Alves<\/span><\/strong><span style=\"color:#0693e3\" class=\"color\"><br><\/span><strong><span style=\"color:#0693e3\" class=\"color\">Portugal, Spain<\/span><\/strong><br>(<strong>Environtec powered by \u00d6koindustria<\/strong>)<\/h4>\n\n\n\n<p><a rel=\"noreferrer noopener\" href=\"mailto:info@teixeira-consulting.com\" target=\"_blank\">info@teixeira-consulting.com<\/a><br>+34 651415284<\/p>\n\n\n\n<hr class=\"wp-block-separator has-css-opacity\"\/>\n\n\n\n<h4 class=\"wp-block-heading\"><strong><span style=\"color:#0693e3\" class=\"color\">Ms. Carmen Capanu<\/span><\/strong><span style=\"color:#0693e3\" class=\"color\"><br><\/span><strong><span style=\"color:#0693e3\" class=\"color\">Romania<\/span><\/strong><\/h4>\n\n\n\n<p>PROMO RESTART Srl.<br><a rel=\"noreferrer noopener\" href=\"mailto:promorestart@yahoo.com\" target=\"_blank\">promorestart@yahoo.com<\/a><br> +40 746 22 79 05&nbsp; <\/p>\n\n\n\n<hr class=\"wp-block-separator has-css-opacity\"\/>\n\n\n\n<h4 class=\"wp-block-heading\"><strong><span style=\"color:#0693e3\" class=\"color\">Ing. arch. M\u00e1ria Kleinov\u00e1<\/span><\/strong><span style=\"color:#0693e3\" class=\"color\"><br><\/span><strong><span style=\"color:#0693e3\" class=\"color\">Slovakia<\/span><\/strong><\/h4>\n\n\n\n<p>SVT, s.r.o.<br><a rel=\"noreferrer noopener\" href=\"mailto:info@svt.sk\" target=\"_blank\">info@svt.sk<\/a><br>+421&nbsp;903&nbsp;601&nbsp;138<br><a rel=\"noreferrer noopener\" href=\"http:\/\/www.svt.sk\/\" target=\"_blank\">www.svt.sk<\/a> <\/p>\n\n\n\n<hr class=\"wp-block-separator has-alpha-channel-opacity\"\/>\n\n\n\n<h4 class=\"wp-block-heading has-vivid-cyan-blue-color has-text-color has-link-color wp-elements-36a6b7ad00c1f30e68946776926eb952\"><strong>Sara Lee<br>China<\/strong><\/h4>\n\n\n\n<p><strong>Beijing Qomolangma<br><a href=\"mailto:info@qomoexpo.com\" target=\"_blank\" rel=\"noreferrer noopener\">info@qomoexpo.com<\/a><\/strong><\/p>\n\n\n\n<hr class=\"wp-block-separator has-css-opacity\"\/>\n\n\n\n<h4 class=\"wp-block-heading\"><span style=\"color:#0693e3\" class=\"color\">Mr. Imre Zilahi<\/span><br><span style=\"color:#0693e3\" class=\"color\">Romania<\/span><br>(Home Design)<\/h4>\n\n\n\n<p>Fast Forward Editorial SRL<br><a href=\"mailto:imre@zilahi.ro\">imre<\/a><a href=\"mailto:chenlin@wingexpo.com \">@<\/a><a rel=\"noreferrer noopener\" href=\"mailto:imre@zilahi.ro\">zilahi.ro<\/a><a rel=\"noreferrer noopener\" aria-label=\" (opens in a new tab)\" href=\"mailto:imre@zilahi.ro\" target=\"_blank\">&nbsp;<\/a><br>+40 730190077<br><a rel=\"noreferrer noopener\" aria-label=\"www.furniturefromromania.com (opens in a new tab)\" href=\"http:\/\/www.furniturefromromania.com\" target=\"_blank\">www.furniturefromromania.com<\/a><\/p>\n\n\n\n<hr class=\"wp-block-separator has-css-opacity\"\/>\n\n\n\n<h4 class=\"wp-block-heading\"><span style=\"color:#0693e3\" class=\"color\">Ms. M\u00f3nika Ty\u00fcty\u00fcnkova <br>Bulg\u00e1ria<\/span><\/h4>\n\n\n\n<p>Bendida Kft<br><a href=\"mailto:bendidakft@gmail.com\">bendidakft@gmail.com<\/a><br>+36 30&nbsp;376 3533<\/p>\n\n\n<p><!--EndFragment--><\/p>","protected":false},"excerpt":{"rendered":"<p>Ms. Paula Glink, Mr. Michael PittscheidtAustria, Germany, Switzerland Messe &amp; Marketing Michael Pittscheidt p.glink@pittscheidt.de ; info@pittscheidt.de +49 178 323 0938 ; +49 2251 866 5658www.pittscheidt.de Mr. Sigitas BrazinskasBaltic states, Ukraine, Moldova Sigitas.brazinskas@gmail.com+370 698 03730 Mr. Eric Van Den Berghe Benelux countries, France Stradex internationaleric@stradex.be+32 498 33 12 26www.stradex.be Ms. Esra \u0130brahima\u011fao\u011flu and Mr. Hakan KurtTurkey [&hellip;]<\/p>\n","protected":false},"author":1,"featured_media":0,"parent":0,"menu_order":0,"comment_status":"closed","ping_status":"closed","template":"template-about.php","meta":{"_acf_changed":false,"footnotes":""},"acf":[],"yoast_head":"<!-- This site is optimized with the Yoast SEO plugin v23.5 - https:\/\/yoast.com\/wordpress\/plugins\/seo\/ -->\n<title>International representatives - HUNGEXPO<\/title>\n<meta name=\"robots\" content=\"index, follow, max-snippet:-1, max-image-preview:large, max-video-preview:-1\" \/>\n<link rel=\"canonical\" href=\"https:\/\/hungexpo.splendex.dev\/nemzetkozi-vasarkepviselet\/\" \/>\n<meta property=\"og:locale\" content=\"en_US\" \/>\n<meta property=\"og:type\" content=\"article\" \/>\n<meta property=\"og:title\" content=\"International representatives - HUNGEXPO\" \/>\n<meta property=\"og:description\" content=\"Ms. Paula Glink, Mr. Michael PittscheidtAustria, Germany, Switzerland Messe &amp; Marketing Michael Pittscheidt p.glink@pittscheidt.de ; info@pittscheidt.de +49 178 323 0938 ; +49 2251 866 5658www.pittscheidt.de Mr. Sigitas BrazinskasBaltic states, Ukraine, Moldova Sigitas.brazinskas@gmail.com+370 698 03730 Mr. Eric Van Den Berghe Benelux countries, France Stradex internationaleric@stradex.be+32 498 33 12 26www.stradex.be Ms. Esra \u0130brahima\u011fao\u011flu and Mr. Hakan KurtTurkey [&hellip;]\" \/>\n<meta property=\"og:url\" content=\"https:\/\/hungexpo.splendex.dev\/nemzetkozi-vasarkepviselet\/\" \/>\n<meta property=\"og:site_name\" content=\"HUNGEXPO\" \/>\n<meta property=\"article:modified_time\" content=\"2024-09-13T09:17:06+00:00\" \/>\n<meta property=\"og:image\" content=\"https:\/\/hungexpo.hu\/wp-content\/uploads\/ENG_lengyel-magyar_gazdasagi_logo-4.jpg\" \/>\n<meta name=\"twitter:card\" content=\"summary_large_image\" \/>\n<meta name=\"twitter:label1\" content=\"Est. reading time\" \/>\n\t<meta name=\"twitter:data1\" content=\"2 minutes\" \/>\n<script type=\"application\/ld+json\" class=\"yoast-schema-graph\">{\"@context\":\"https:\/\/schema.org\",\"@graph\":[{\"@type\":\"WebPage\",\"@id\":\"https:\/\/hungexpo.splendex.dev\/nemzetkozi-vasarkepviselet\/\",\"url\":\"https:\/\/hungexpo.splendex.dev\/nemzetkozi-vasarkepviselet\/\",\"name\":\"International representatives - HUNGEXPO\",\"isPartOf\":{\"@id\":\"https:\/\/hungexpo.splendex.dev\/#website\"},\"primaryImageOfPage\":{\"@id\":\"https:\/\/hungexpo.splendex.dev\/nemzetkozi-vasarkepviselet\/#primaryimage\"},\"image\":{\"@id\":\"https:\/\/hungexpo.splendex.dev\/nemzetkozi-vasarkepviselet\/#primaryimage\"},\"thumbnailUrl\":\"https:\/\/hungexpo.hu\/wp-content\/uploads\/ENG_lengyel-magyar_gazdasagi_logo-4.jpg\",\"datePublished\":\"2019-10-11T10:08:02+00:00\",\"dateModified\":\"2024-09-13T09:17:06+00:00\",\"breadcrumb\":{\"@id\":\"https:\/\/hungexpo.splendex.dev\/nemzetkozi-vasarkepviselet\/#breadcrumb\"},\"inLanguage\":\"en-US\",\"potentialAction\":[{\"@type\":\"ReadAction\",\"target\":[\"https:\/\/hungexpo.splendex.dev\/nemzetkozi-vasarkepviselet\/\"]}]},{\"@type\":\"ImageObject\",\"inLanguage\":\"en-US\",\"@id\":\"https:\/\/hungexpo.splendex.dev\/nemzetkozi-vasarkepviselet\/#primaryimage\",\"url\":\"https:\/\/hungexpo.hu\/wp-content\/uploads\/ENG_lengyel-magyar_gazdasagi_logo-4.jpg\",\"contentUrl\":\"https:\/\/hungexpo.hu\/wp-content\/uploads\/ENG_lengyel-magyar_gazdasagi_logo-4.jpg\"},{\"@type\":\"BreadcrumbList\",\"@id\":\"https:\/\/hungexpo.splendex.dev\/nemzetkozi-vasarkepviselet\/#breadcrumb\",\"itemListElement\":[{\"@type\":\"ListItem\",\"position\":1,\"name\":\"Home\",\"item\":\"https:\/\/hungexpo.splendex.dev\/en\/\"},{\"@type\":\"ListItem\",\"position\":2,\"name\":\"International representatives\"}]},{\"@type\":\"WebSite\",\"@id\":\"https:\/\/hungexpo.splendex.dev\/#website\",\"url\":\"https:\/\/hungexpo.splendex.dev\/\",\"name\":\"HUNGEXPO\",\"description\":\"...egy \u00fajabb WordPress honlap...\",\"potentialAction\":[{\"@type\":\"SearchAction\",\"target\":{\"@type\":\"EntryPoint\",\"urlTemplate\":\"https:\/\/hungexpo.splendex.dev\/?s={search_term_string}\"},\"query-input\":{\"@type\":\"PropertyValueSpecification\",\"valueRequired\":true,\"valueName\":\"search_term_string\"}}],\"inLanguage\":\"en-US\"}]}<\/script>\n<!-- \/ Yoast SEO plugin. -->","yoast_head_json":{"title":"International representatives - HUNGEXPO","robots":{"index":"index","follow":"follow","max-snippet":"max-snippet:-1","max-image-preview":"max-image-preview:large","max-video-preview":"max-video-preview:-1"},"canonical":"https:\/\/hungexpo.splendex.dev\/nemzetkozi-vasarkepviselet\/","og_locale":"en_US","og_type":"article","og_title":"International representatives - HUNGEXPO","og_description":"Ms. Paula Glink, Mr. Michael PittscheidtAustria, Germany, Switzerland Messe &amp; Marketing Michael Pittscheidt p.glink@pittscheidt.de ; info@pittscheidt.de +49 178 323 0938 ; +49 2251 866 5658www.pittscheidt.de Mr. Sigitas BrazinskasBaltic states, Ukraine, Moldova Sigitas.brazinskas@gmail.com+370 698 03730 Mr. Eric Van Den Berghe Benelux countries, France Stradex internationaleric@stradex.be+32 498 33 12 26www.stradex.be Ms. Esra \u0130brahima\u011fao\u011flu and Mr. Hakan KurtTurkey [&hellip;]","og_url":"https:\/\/hungexpo.splendex.dev\/nemzetkozi-vasarkepviselet\/","og_site_name":"HUNGEXPO","article_modified_time":"2024-09-13T09:17:06+00:00","og_image":[{"url":"https:\/\/hungexpo.hu\/wp-content\/uploads\/ENG_lengyel-magyar_gazdasagi_logo-4.jpg"}],"twitter_card":"summary_large_image","twitter_misc":{"Est. reading time":"2 minutes"},"schema":{"@context":"https:\/\/schema.org","@graph":[{"@type":"WebPage","@id":"https:\/\/hungexpo.splendex.dev\/nemzetkozi-vasarkepviselet\/","url":"https:\/\/hungexpo.splendex.dev\/nemzetkozi-vasarkepviselet\/","name":"International representatives - HUNGEXPO","isPartOf":{"@id":"https:\/\/hungexpo.splendex.dev\/#website"},"primaryImageOfPage":{"@id":"https:\/\/hungexpo.splendex.dev\/nemzetkozi-vasarkepviselet\/#primaryimage"},"image":{"@id":"https:\/\/hungexpo.splendex.dev\/nemzetkozi-vasarkepviselet\/#primaryimage"},"thumbnailUrl":"https:\/\/hungexpo.hu\/wp-content\/uploads\/ENG_lengyel-magyar_gazdasagi_logo-4.jpg","datePublished":"2019-10-11T10:08:02+00:00","dateModified":"2024-09-13T09:17:06+00:00","breadcrumb":{"@id":"https:\/\/hungexpo.splendex.dev\/nemzetkozi-vasarkepviselet\/#breadcrumb"},"inLanguage":"en-US","potentialAction":[{"@type":"ReadAction","target":["https:\/\/hungexpo.splendex.dev\/nemzetkozi-vasarkepviselet\/"]}]},{"@type":"ImageObject","inLanguage":"en-US","@id":"https:\/\/hungexpo.splendex.dev\/nemzetkozi-vasarkepviselet\/#primaryimage","url":"https:\/\/hungexpo.hu\/wp-content\/uploads\/ENG_lengyel-magyar_gazdasagi_logo-4.jpg","contentUrl":"https:\/\/hungexpo.hu\/wp-content\/uploads\/ENG_lengyel-magyar_gazdasagi_logo-4.jpg"},{"@type":"BreadcrumbList","@id":"https:\/\/hungexpo.splendex.dev\/nemzetkozi-vasarkepviselet\/#breadcrumb","itemListElement":[{"@type":"ListItem","position":1,"name":"Home","item":"https:\/\/hungexpo.splendex.dev\/en\/"},{"@type":"ListItem","position":2,"name":"International representatives"}]},{"@type":"WebSite","@id":"https:\/\/hungexpo.splendex.dev\/#website","url":"https:\/\/hungexpo.splendex.dev\/","name":"HUNGEXPO","description":"...egy \u00fajabb WordPress honlap...","potentialAction":[{"@type":"SearchAction","target":{"@type":"EntryPoint","urlTemplate":"https:\/\/hungexpo.splendex.dev\/?s={search_term_string}"},"query-input":{"@type":"PropertyValueSpecification","valueRequired":true,"valueName":"search_term_string"}}],"inLanguage":"en-US"}]}},"_links":{"self":[{"href":"https:\/\/hungexpo.splendex.dev\/en\/wp-json\/wp\/v2\/pages\/14337"}],"collection":[{"href":"https:\/\/hungexpo.splendex.dev\/en\/wp-json\/wp\/v2\/pages"}],"about":[{"href":"https:\/\/hungexpo.splendex.dev\/en\/wp-json\/wp\/v2\/types\/page"}],"author":[{"embeddable":true,"href":"https:\/\/hungexpo.splendex.dev\/en\/wp-json\/wp\/v2\/users\/1"}],"replies":[{"embeddable":true,"href":"https:\/\/hungexpo.splendex.dev\/en\/wp-json\/wp\/v2\/comments?post=14337"}],"version-history":[{"count":36,"href":"https:\/\/hungexpo.splendex.dev\/en\/wp-json\/wp\/v2\/pages\/14337\/revisions"}],"predecessor-version":[{"id":86875,"href":"https:\/\/hungexpo.splendex.dev\/en\/wp-json\/wp\/v2\/pages\/14337\/revisions\/86875"}],"wp:attachment":[{"href":"https:\/\/hungexpo.splendex.dev\/en\/wp-json\/wp\/v2\/media?parent=14337"}],"curies":[{"name":"wp","href":"https:\/\/api.w.org\/{rel}","templated":true}]}}